{"id":155608,"date":"2024-03-23T09:07:37","date_gmt":"2024-03-23T08:07:37","guid":{"rendered":"https:\/\/kustomshop.kinsta.cloud\/produkt\/elemental-tight-lang\/"},"modified":"2026-03-31T12:42:12","modified_gmt":"2026-03-31T11:42:12","slug":"elemental-tight-lang","status":"publish","type":"product","link":"https:\/\/shop.kustom.ch\/fr\/produit\/elemental-tight-lang\/","title":{"rendered":"Collant Elemental long"},"content":{"rendered":"<p>Ton soutien sans faille \u00e0 l'entra\u00eenement et en match.<br \/>\nLe Body-Mapping assure un climat corporel optimal<br \/>\nEffet anti-odeur<br \/>\nLa construction sans couture \u00e9vite les frottements sur le corps<br \/>\nS\u00e9chage rapide, entretien facile et extr\u00eamement r\u00e9sistant<br \/>\nConfortable pour la peau gr\u00e2ce \u00e0 un m\u00e9lange de mat\u00e9riaux doux et de tr\u00e8s haute qualit\u00e9<br \/>\nMati\u00e8re : 95% polyamide, 5% \u00e9lasthanne<\/p>","protected":false},"excerpt":{"rendered":"<p><span><\/span><\/p>","protected":false},"featured_media":155606,"template":"","meta":[],"product_brand":[],"product_cat":[4185],"product_tag":[],"class_list":{"0":"post-155608","1":"product","2":"type-product","3":"status-publish","4":"has-post-thumbnail","6":"product_cat-hosen","7":"pa_brand-erima","8":"pa_brand-type-sportswear","9":"pa_filter-color-blau","10":"pa_filter-color-grau","11":"pa_filter-color-rot","12":"pa_filter-color-schwarz","13":"pa_filter-color-weiss","15":"first","16":"instock","17":"sale","18":"taxable","19":"shipping-taxable","20":"purchasable","21":"product-type-variable","22":"add-to-wishlist-before_image"},"exclude_global_add_ons":[],"addons":[],"acf":[],"_links":{"self":[{"href":"https:\/\/shop.kustom.ch\/fr\/wp-json\/wp\/v2\/product\/155608"}],"collection":[{"href":"https:\/\/shop.kustom.ch\/fr\/wp-json\/wp\/v2\/product"}],"about":[{"href":"https:\/\/shop.kustom.ch\/fr\/wp-json\/wp\/v2\/types\/product"}],"wp:featuredmedia":[{"embeddable":true,"href":"https:\/\/shop.kustom.ch\/fr\/wp-json\/wp\/v2\/media\/155606"}],"wp:attachment":[{"href":"https:\/\/shop.kustom.ch\/fr\/wp-json\/wp\/v2\/media?parent=155608"}],"wp:term":[{"taxonomy":"product_brand","embeddable":true,"href":"https:\/\/shop.kustom.ch\/fr\/wp-json\/wp\/v2\/product_brand?post=155608"},{"taxonomy":"product_cat","embeddable":true,"href":"https:\/\/shop.kustom.ch\/fr\/wp-json\/wp\/v2\/product_cat?post=155608"},{"taxonomy":"product_tag","embeddable":true,"href":"https:\/\/shop.kustom.ch\/fr\/wp-json\/wp\/v2\/product_tag?post=155608"}],"curies":[{"name":"wp","href":"https:\/\/api.w.org\/{rel}","templated":true}]}}