{"id":155592,"date":"2024-03-23T09:07:21","date_gmt":"2024-03-23T08:07:21","guid":{"rendered":"https:\/\/kustomshop.kinsta.cloud\/produkt\/athletic-tanktop\/"},"modified":"2026-03-31T12:42:06","modified_gmt":"2026-03-31T11:42:06","slug":"athletic-tanktop","status":"publish","type":"product","link":"https:\/\/shop.kustom.ch\/fr\/produit\/athletic-tanktop\/","title":{"rendered":"D\u00e9bardeur athl\u00e9tique"},"content":{"rendered":"<p>Ce d\u00e9bardeur hautement fonctionnel te soutient parfaitement lors des s\u00e9ances intensives.<br \/>\nMat\u00e9riau fonctionnel \u00e0 s\u00e9chage rapide<br \/>\nEffet anti-odeur<br \/>\nSans couture pour un meilleur confort<br \/>\nMat\u00e9riau : polyamide 100%<\/p>","protected":false},"excerpt":{"rendered":"<p><span><\/span><\/p>","protected":false},"featured_media":155590,"template":"","meta":[],"product_brand":[],"product_cat":[4202],"product_tag":[],"class_list":{"0":"post-155592","1":"product","2":"type-product","3":"status-publish","4":"has-post-thumbnail","6":"product_cat-tank-tops","7":"pa_brand-erima","8":"pa_brand-type-sportswear","9":"pa_filter-color-schwarz","10":"pa_filter-color-weiss","12":"first","13":"instock","14":"sale","15":"taxable","16":"shipping-taxable","17":"purchasable","18":"product-type-variable","19":"add-to-wishlist-before_image"},"exclude_global_add_ons":[],"addons":[],"acf":[],"_links":{"self":[{"href":"https:\/\/shop.kustom.ch\/fr\/wp-json\/wp\/v2\/product\/155592"}],"collection":[{"href":"https:\/\/shop.kustom.ch\/fr\/wp-json\/wp\/v2\/product"}],"about":[{"href":"https:\/\/shop.kustom.ch\/fr\/wp-json\/wp\/v2\/types\/product"}],"wp:featuredmedia":[{"embeddable":true,"href":"https:\/\/shop.kustom.ch\/fr\/wp-json\/wp\/v2\/media\/155590"}],"wp:attachment":[{"href":"https:\/\/shop.kustom.ch\/fr\/wp-json\/wp\/v2\/media?parent=155592"}],"wp:term":[{"taxonomy":"product_brand","embeddable":true,"href":"https:\/\/shop.kustom.ch\/fr\/wp-json\/wp\/v2\/product_brand?post=155592"},{"taxonomy":"product_cat","embeddable":true,"href":"https:\/\/shop.kustom.ch\/fr\/wp-json\/wp\/v2\/product_cat?post=155592"},{"taxonomy":"product_tag","embeddable":true,"href":"https:\/\/shop.kustom.ch\/fr\/wp-json\/wp\/v2\/product_tag?post=155592"}],"curies":[{"name":"wp","href":"https:\/\/api.w.org\/{rel}","templated":true}]}}