{"id":155297,"date":"2024-03-23T09:02:53","date_gmt":"2024-03-23T08:02:53","guid":{"rendered":"https:\/\/kustomshop.kinsta.cloud\/produkt\/feldspielerhandschuh\/"},"modified":"2026-03-31T12:41:43","modified_gmt":"2026-03-31T11:41:43","slug":"feldspielerhandschuh","status":"publish","type":"product","link":"https:\/\/shop.kustom.ch\/fr\/produit\/feldspielerhandschuh\/","title":{"rendered":"Gant pour joueur de champ"},"content":{"rendered":"<p>Gants avec fonction \u00e9cran tactile - parfaits pour le sport et la vie quotidienne.<br \/>\nTissu tricot\u00e9 \u00e0 l'ext\u00e9rieur<br \/>\nInt\u00e9rieur en polaire douce<br \/>\nCompatible avec les \u00e9crans tactiles gr\u00e2ce \u00e0 des inserts sp\u00e9ciaux sur le pouce et l'index<br \/>\nZones d'adh\u00e9rence sur la paume et les doigts<br \/>\nMaintien s\u00fbr gr\u00e2ce \u00e0 une bande \u00e9lastique au poignet<br \/>\nDisponible en taille S,M,L<br \/>\nMati\u00e8re : 96% polyester, 4% \u00e9lasthanne<br \/>\nInserts : 95% polyester, 5% \u00e9lasthanne<br \/>\nDoublure int\u00e9rieure : 100% polyester<\/p>","protected":false},"excerpt":{"rendered":"<p><span><\/span><\/p>","protected":false},"featured_media":155295,"template":"","meta":[],"product_brand":[],"product_cat":[4180],"product_tag":[],"class_list":{"0":"post-155297","1":"product","2":"type-product","3":"status-publish","4":"has-post-thumbnail","6":"product_cat-handschuhe","7":"pa_brand-erima","8":"pa_brand-type-sportswear","9":"pa_filter-color-schwarz","11":"first","12":"instock","13":"sale","14":"taxable","15":"shipping-taxable","16":"purchasable","17":"product-type-variable","18":"add-to-wishlist-before_image"},"exclude_global_add_ons":[],"addons":[],"acf":[],"_links":{"self":[{"href":"https:\/\/shop.kustom.ch\/fr\/wp-json\/wp\/v2\/product\/155297"}],"collection":[{"href":"https:\/\/shop.kustom.ch\/fr\/wp-json\/wp\/v2\/product"}],"about":[{"href":"https:\/\/shop.kustom.ch\/fr\/wp-json\/wp\/v2\/types\/product"}],"wp:featuredmedia":[{"embeddable":true,"href":"https:\/\/shop.kustom.ch\/fr\/wp-json\/wp\/v2\/media\/155295"}],"wp:attachment":[{"href":"https:\/\/shop.kustom.ch\/fr\/wp-json\/wp\/v2\/media?parent=155297"}],"wp:term":[{"taxonomy":"product_brand","embeddable":true,"href":"https:\/\/shop.kustom.ch\/fr\/wp-json\/wp\/v2\/product_brand?post=155297"},{"taxonomy":"product_cat","embeddable":true,"href":"https:\/\/shop.kustom.ch\/fr\/wp-json\/wp\/v2\/product_cat?post=155297"},{"taxonomy":"product_tag","embeddable":true,"href":"https:\/\/shop.kustom.ch\/fr\/wp-json\/wp\/v2\/product_tag?post=155297"}],"curies":[{"name":"wp","href":"https:\/\/api.w.org\/{rel}","templated":true}]}}