{"id":154443,"date":"2024-03-23T08:49:50","date_gmt":"2024-03-23T07:49:50","guid":{"rendered":"https:\/\/kustomshop.kinsta.cloud\/produkt\/essential-team-sweathose\/"},"modified":"2026-03-31T12:39:50","modified_gmt":"2026-03-31T11:39:50","slug":"essential-team-sweathose","status":"publish","type":"product","link":"https:\/\/shop.kustom.ch\/fr\/produit\/essential-team-sweathose\/","title":{"rendered":"Pantalon de sweat Essential Team"},"content":{"rendered":"<p>100% Le confort ! Ce pantalon de jogging est ton must-have pour le sport et la vie quotidienne.<br \/>\nM\u00e9lange de coton doux<br \/>\nStretch l\u00e9ger pour une libert\u00e9 de mouvement naturelle<br \/>\nCeinture \u00e9lastique avec cordon de serrage<br \/>\nPoches lat\u00e9rales zipp\u00e9es<br \/>\nPoignets \u00e9troits et \u00e9lastiques au bas des jambes<br \/>\nCoupe \u00e9troite<br \/>\nImprim\u00e9 ERIMA sur le c\u00f4t\u00e9 du mollet<br \/>\nMati\u00e8re : 60% coton, 40% polyester<\/p>","protected":false},"excerpt":{"rendered":"<p><span><\/span><\/p>","protected":false},"featured_media":154440,"template":"","meta":[],"product_brand":[],"product_cat":[4185],"product_tag":[],"class_list":{"0":"post-154443","1":"product","2":"type-product","3":"status-publish","4":"has-post-thumbnail","6":"product_cat-hosen","7":"pa_brand-erima","8":"pa_brand-type-sportswear","9":"pa_filter-color-blau","10":"pa_filter-color-grau","11":"pa_filter-color-schwarz","13":"first","14":"instock","15":"sale","16":"taxable","17":"shipping-taxable","18":"purchasable","19":"product-type-variable","20":"add-to-wishlist-before_image"},"exclude_global_add_ons":[],"addons":[],"acf":[],"_links":{"self":[{"href":"https:\/\/shop.kustom.ch\/fr\/wp-json\/wp\/v2\/product\/154443"}],"collection":[{"href":"https:\/\/shop.kustom.ch\/fr\/wp-json\/wp\/v2\/product"}],"about":[{"href":"https:\/\/shop.kustom.ch\/fr\/wp-json\/wp\/v2\/types\/product"}],"wp:featuredmedia":[{"embeddable":true,"href":"https:\/\/shop.kustom.ch\/fr\/wp-json\/wp\/v2\/media\/154440"}],"wp:attachment":[{"href":"https:\/\/shop.kustom.ch\/fr\/wp-json\/wp\/v2\/media?parent=154443"}],"wp:term":[{"taxonomy":"product_brand","embeddable":true,"href":"https:\/\/shop.kustom.ch\/fr\/wp-json\/wp\/v2\/product_brand?post=154443"},{"taxonomy":"product_cat","embeddable":true,"href":"https:\/\/shop.kustom.ch\/fr\/wp-json\/wp\/v2\/product_cat?post=154443"},{"taxonomy":"product_tag","embeddable":true,"href":"https:\/\/shop.kustom.ch\/fr\/wp-json\/wp\/v2\/product_tag?post=154443"}],"curies":[{"name":"wp","href":"https:\/\/api.w.org\/{rel}","templated":true}]}}