{"id":153065,"date":"2024-03-23T08:29:44","date_gmt":"2024-03-23T07:29:44","guid":{"rendered":"https:\/\/kustomshop.kinsta.cloud\/produkt\/essential-team-kapuzensweat\/"},"modified":"2026-03-31T12:35:46","modified_gmt":"2026-03-31T11:35:46","slug":"essential-team-kapuzensweat","status":"publish","type":"product","link":"https:\/\/shop.kustom.ch\/fr\/produit\/essential-team-kapuzensweat\/","title":{"rendered":"Sweat \u00e0 capuche Essential Team"},"content":{"rendered":"<p>Que ce soit pour le sport ou pour le quotidien, chaque \u00e9quipe fait bonne figure dans ce sweat \u00e0 capuche l\u00e9ger.<br \/>\nM\u00e9lange de coton doux<br \/>\nStretch l\u00e9ger pour une libert\u00e9 de mouvement naturelle<br \/>\nPoche kangourou plaqu\u00e9e<br \/>\nCapuche avec cordon de serrage<br \/>\nLarges bords-c\u00f4tes aux manches et \u00e0 l'ourlet<br \/>\nVariante pour enfants sans cordon de serrage \u00e0 la capuche<br \/>\nImpression ERIMA sur le c\u00f4t\u00e9<br \/>\nMati\u00e8re : 60% coton, 40% polyester<\/p>","protected":false},"excerpt":{"rendered":"<p><span><\/span><\/p>","protected":false},"featured_media":153061,"template":"","meta":[],"product_brand":[],"product_cat":[4184],"product_tag":[],"class_list":{"0":"post-153065","1":"product","2":"type-product","3":"status-publish","4":"has-post-thumbnail","6":"product_cat-hoodies-pullover","7":"pa_brand-erima","8":"pa_brand-type-sportswear","9":"pa_filter-color-blau","10":"pa_filter-color-grau","11":"pa_filter-color-rot","12":"pa_filter-color-schwarz","14":"first","15":"instock","16":"sale","17":"taxable","18":"shipping-taxable","19":"purchasable","20":"product-type-variable","21":"add-to-wishlist-before_image"},"exclude_global_add_ons":[],"addons":[],"acf":[],"_links":{"self":[{"href":"https:\/\/shop.kustom.ch\/fr\/wp-json\/wp\/v2\/product\/153065"}],"collection":[{"href":"https:\/\/shop.kustom.ch\/fr\/wp-json\/wp\/v2\/product"}],"about":[{"href":"https:\/\/shop.kustom.ch\/fr\/wp-json\/wp\/v2\/types\/product"}],"wp:featuredmedia":[{"embeddable":true,"href":"https:\/\/shop.kustom.ch\/fr\/wp-json\/wp\/v2\/media\/153061"}],"wp:attachment":[{"href":"https:\/\/shop.kustom.ch\/fr\/wp-json\/wp\/v2\/media?parent=153065"}],"wp:term":[{"taxonomy":"product_brand","embeddable":true,"href":"https:\/\/shop.kustom.ch\/fr\/wp-json\/wp\/v2\/product_brand?post=153065"},{"taxonomy":"product_cat","embeddable":true,"href":"https:\/\/shop.kustom.ch\/fr\/wp-json\/wp\/v2\/product_cat?post=153065"},{"taxonomy":"product_tag","embeddable":true,"href":"https:\/\/shop.kustom.ch\/fr\/wp-json\/wp\/v2\/product_tag?post=153065"}],"curies":[{"name":"wp","href":"https:\/\/api.w.org\/{rel}","templated":true}]}}