{"id":150068,"date":"2024-03-23T07:47:20","date_gmt":"2024-03-23T06:47:20","guid":{"rendered":"https:\/\/kustomshop.kinsta.cloud\/produkt\/miami-praesentationshose-3-0\/"},"modified":"2026-03-31T12:32:44","modified_gmt":"2026-03-31T11:32:44","slug":"miami-praesentationshose-3-0","status":"publish","type":"product","link":"https:\/\/shop.kustom.ch\/fr\/produit\/miami-praesentationshose-3-0\/","title":{"rendered":"Pantalon de pr\u00e9sentation Miami 3.0"},"content":{"rendered":"<p>Notre pantalon Miami tr\u00e8s appr\u00e9ci\u00e9 est r\u00e9\u00e9dit\u00e9. Disponible en deux longueurs diff\u00e9rentes.<br \/>\nMat\u00e9riau fonctionnel tr\u00e8s l\u00e9ger et \u00e0 s\u00e9chage rapide<br \/>\nCeinture \u00e9lastique avec cordon de serrage<br \/>\nPoches lat\u00e9rales zipp\u00e9es recouvertes<br \/>\nfermeture \u00e9clair au bas de la jambe<br \/>\nSans doublure<br \/>\nDisponible en taille courte et normale<br \/>\nCoupe moderne<br \/>\nMati\u00e8re : 100% polyester recycl\u00e9<br \/>\nDoublure int\u00e9rieure : 100% polyester<\/p>","protected":false},"excerpt":{"rendered":"<p><span><\/span><\/p>","protected":false},"featured_media":150066,"template":"","meta":[],"product_brand":[],"product_cat":[4185],"product_tag":[],"class_list":{"0":"post-150068","1":"product","2":"type-product","3":"status-publish","4":"has-post-thumbnail","6":"product_cat-hosen","7":"pa_brand-erima","8":"pa_brand-type-sportswear","9":"pa_filter-color-schwarz","11":"first","12":"instock","13":"sale","14":"taxable","15":"shipping-taxable","16":"purchasable","17":"product-type-variable","18":"add-to-wishlist-before_image"},"exclude_global_add_ons":[],"addons":[],"acf":[],"_links":{"self":[{"href":"https:\/\/shop.kustom.ch\/fr\/wp-json\/wp\/v2\/product\/150068"}],"collection":[{"href":"https:\/\/shop.kustom.ch\/fr\/wp-json\/wp\/v2\/product"}],"about":[{"href":"https:\/\/shop.kustom.ch\/fr\/wp-json\/wp\/v2\/types\/product"}],"wp:featuredmedia":[{"embeddable":true,"href":"https:\/\/shop.kustom.ch\/fr\/wp-json\/wp\/v2\/media\/150066"}],"wp:attachment":[{"href":"https:\/\/shop.kustom.ch\/fr\/wp-json\/wp\/v2\/media?parent=150068"}],"wp:term":[{"taxonomy":"product_brand","embeddable":true,"href":"https:\/\/shop.kustom.ch\/fr\/wp-json\/wp\/v2\/product_brand?post=150068"},{"taxonomy":"product_cat","embeddable":true,"href":"https:\/\/shop.kustom.ch\/fr\/wp-json\/wp\/v2\/product_cat?post=150068"},{"taxonomy":"product_tag","embeddable":true,"href":"https:\/\/shop.kustom.ch\/fr\/wp-json\/wp\/v2\/product_tag?post=150068"}],"curies":[{"name":"wp","href":"https:\/\/api.w.org\/{rel}","templated":true}]}}