{"id":141672,"date":"2024-03-22T20:32:21","date_gmt":"2024-03-22T19:32:21","guid":{"rendered":"https:\/\/kustomshop.kinsta.cloud\/produkt\/performance-trainingshose\/"},"modified":"2026-03-31T12:32:36","modified_gmt":"2026-03-31T11:32:36","slug":"performance-trainingshose","status":"publish","type":"product","link":"https:\/\/shop.kustom.ch\/fr\/produit\/performance-trainingshose\/","title":{"rendered":"Pantalon d'entra\u00eenement Performance"},"content":{"rendered":"<p>R\u00e9sistant, extensible et super l\u00e9ger. Ce pantalon de surv\u00eatement \u00e0 la coupe \u00e9troite est un must-have pour tes s\u00e9ances d'entra\u00eenement.<br \/>\nMat\u00e9riau fonctionnel extr\u00eamement robuste et \u00e9lastique<br \/>\nSuper l\u00e9ger et en m\u00eame temps tr\u00e8s r\u00e9sistant<br \/>\nCoupe \u00e9troite et ajust\u00e9e<br \/>\nPoches lat\u00e9rales zipp\u00e9es<br \/>\nPiping \u00e0 l'int\u00e9rieur de la jambe<br \/>\nceinture \u00e9lastique avec cordon de serrage<br \/>\nMati\u00e8re : 91% polyester, 9% \u00e9lasthanne<\/p>","protected":false},"excerpt":{"rendered":"<p><span><\/span><\/p>","protected":false},"featured_media":141670,"template":"","meta":[],"product_brand":[],"product_cat":[4185],"product_tag":[],"class_list":{"0":"post-141672","1":"product","2":"type-product","3":"status-publish","4":"has-post-thumbnail","6":"product_cat-hosen","7":"pa_brand-erima","8":"pa_brand-type-sportswear","9":"pa_filter-color-blau","10":"pa_filter-color-grau","11":"pa_filter-color-schwarz","12":"pa_filter-color-weiss","14":"first","15":"instock","16":"sale","17":"taxable","18":"shipping-taxable","19":"purchasable","20":"product-type-variable","21":"add-to-wishlist-before_image"},"exclude_global_add_ons":[],"addons":[],"acf":[],"_links":{"self":[{"href":"https:\/\/shop.kustom.ch\/fr\/wp-json\/wp\/v2\/product\/141672"}],"collection":[{"href":"https:\/\/shop.kustom.ch\/fr\/wp-json\/wp\/v2\/product"}],"about":[{"href":"https:\/\/shop.kustom.ch\/fr\/wp-json\/wp\/v2\/types\/product"}],"wp:featuredmedia":[{"embeddable":true,"href":"https:\/\/shop.kustom.ch\/fr\/wp-json\/wp\/v2\/media\/141670"}],"wp:attachment":[{"href":"https:\/\/shop.kustom.ch\/fr\/wp-json\/wp\/v2\/media?parent=141672"}],"wp:term":[{"taxonomy":"product_brand","embeddable":true,"href":"https:\/\/shop.kustom.ch\/fr\/wp-json\/wp\/v2\/product_brand?post=141672"},{"taxonomy":"product_cat","embeddable":true,"href":"https:\/\/shop.kustom.ch\/fr\/wp-json\/wp\/v2\/product_cat?post=141672"},{"taxonomy":"product_tag","embeddable":true,"href":"https:\/\/shop.kustom.ch\/fr\/wp-json\/wp\/v2\/product_tag?post=141672"}],"curies":[{"name":"wp","href":"https:\/\/api.w.org\/{rel}","templated":true}]}}