{"id":141073,"date":"2024-03-22T20:24:34","date_gmt":"2024-03-22T19:24:34","guid":{"rendered":"https:\/\/kustomshop.kinsta.cloud\/produkt\/club-1900-shorts-2\/"},"modified":"2026-03-31T12:32:13","modified_gmt":"2026-03-31T11:32:13","slug":"club-1900-shorts-2","status":"publish","type":"product","link":"https:\/\/shop.kustom.ch\/fr\/produit\/club-1900-shorts-2\/","title":{"rendered":"Club 1900 Short"},"content":{"rendered":"<p>Le short compl\u00e8te ta tenue CLUB 1900.<br \/>\nCoupe sp\u00e9ciale femme<br \/>\nMat\u00e9riau fonctionnel tr\u00e8s l\u00e9ger et \u00e0 s\u00e9chage rapide<br \/>\nTraitement antistatique<br \/>\nPoches lat\u00e9rales<br \/>\nlongueur de c\u00f4t\u00e9 dans la taille 38 : 34 cm<br \/>\nMat\u00e9riau : polyester 100%<\/p>","protected":false},"excerpt":{"rendered":"<p><span><\/span><\/p>","protected":false},"featured_media":141075,"template":"","meta":[],"product_brand":[],"product_cat":[4198],"product_tag":[],"class_list":{"0":"post-141073","1":"product","2":"type-product","3":"status-publish","4":"has-post-thumbnail","6":"product_cat-shorts","7":"pa_brand-erima","8":"pa_brand-type-sportswear","9":"pa_filter-color-blau","10":"pa_filter-color-rot","11":"pa_filter-color-schwarz","13":"first","14":"instock","15":"sale","16":"taxable","17":"shipping-taxable","18":"purchasable","19":"product-type-variable","20":"add-to-wishlist-before_image"},"exclude_global_add_ons":[],"addons":[],"acf":[],"_links":{"self":[{"href":"https:\/\/shop.kustom.ch\/fr\/wp-json\/wp\/v2\/product\/141073"}],"collection":[{"href":"https:\/\/shop.kustom.ch\/fr\/wp-json\/wp\/v2\/product"}],"about":[{"href":"https:\/\/shop.kustom.ch\/fr\/wp-json\/wp\/v2\/types\/product"}],"wp:featuredmedia":[{"embeddable":true,"href":"https:\/\/shop.kustom.ch\/fr\/wp-json\/wp\/v2\/media\/141075"}],"wp:attachment":[{"href":"https:\/\/shop.kustom.ch\/fr\/wp-json\/wp\/v2\/media?parent=141073"}],"wp:term":[{"taxonomy":"product_brand","embeddable":true,"href":"https:\/\/shop.kustom.ch\/fr\/wp-json\/wp\/v2\/product_brand?post=141073"},{"taxonomy":"product_cat","embeddable":true,"href":"https:\/\/shop.kustom.ch\/fr\/wp-json\/wp\/v2\/product_cat?post=141073"},{"taxonomy":"product_tag","embeddable":true,"href":"https:\/\/shop.kustom.ch\/fr\/wp-json\/wp\/v2\/product_tag?post=141073"}],"curies":[{"name":"wp","href":"https:\/\/api.w.org\/{rel}","templated":true}]}}