{"id":140759,"date":"2024-03-22T20:20:22","date_gmt":"2024-03-22T19:20:22","guid":{"rendered":"https:\/\/kustomshop.kinsta.cloud\/produkt\/evo-star-t-shirt\/"},"modified":"2026-04-02T04:53:22","modified_gmt":"2026-04-02T03:53:22","slug":"evo-star-t-shirt","status":"publish","type":"product","link":"https:\/\/shop.kustom.ch\/fr\/produit\/evo-star-t-shirt\/","title":{"rendered":"EVO STAR T-shirt"},"content":{"rendered":"<p>T-shirt l\u00e9ger et fonctionnel pour le sport et le quotidien.<br \/>\nMat\u00e9riau fonctionnel l\u00e9ger<br \/>\nCoupe raglan et empi\u00e8cements \u00e9lastiques pour une totale libert\u00e9 de mouvement<br \/>\nEncolure ronde \u00e0 c\u00f4tes<br \/>\nDesign styl\u00e9 sur les manches avec effet 3D<br \/>\nPiping de couleur contrast\u00e9e sur les manches<br \/>\nMati\u00e8re : 100% polyester recycl\u00e9<\/p>","protected":false},"excerpt":{"rendered":"<p><span><\/span><\/p>","protected":false},"featured_media":140757,"template":"","meta":[],"product_brand":[],"product_cat":[4201],"product_tag":[],"class_list":{"0":"post-140759","1":"product","2":"type-product","3":"status-publish","4":"has-post-thumbnail","6":"product_cat-t-shirts","7":"pa_brand-erima","8":"pa_brand-type-sportswear","9":"pa_filter-color-blau","10":"pa_filter-color-gelb","11":"pa_filter-color-grau","12":"pa_filter-color-gruen","13":"pa_filter-color-orange","14":"pa_filter-color-pink","15":"pa_filter-color-rot","16":"pa_filter-color-schwarz","17":"pa_filter-color-violet","18":"pa_filter-color-weiss","20":"first","21":"instock","22":"sale","23":"taxable","24":"shipping-taxable","25":"purchasable","26":"product-type-variable","27":"add-to-wishlist-before_image"},"exclude_global_add_ons":[],"addons":[],"acf":[],"_links":{"self":[{"href":"https:\/\/shop.kustom.ch\/fr\/wp-json\/wp\/v2\/product\/140759"}],"collection":[{"href":"https:\/\/shop.kustom.ch\/fr\/wp-json\/wp\/v2\/product"}],"about":[{"href":"https:\/\/shop.kustom.ch\/fr\/wp-json\/wp\/v2\/types\/product"}],"wp:featuredmedia":[{"embeddable":true,"href":"https:\/\/shop.kustom.ch\/fr\/wp-json\/wp\/v2\/media\/140757"}],"wp:attachment":[{"href":"https:\/\/shop.kustom.ch\/fr\/wp-json\/wp\/v2\/media?parent=140759"}],"wp:term":[{"taxonomy":"product_brand","embeddable":true,"href":"https:\/\/shop.kustom.ch\/fr\/wp-json\/wp\/v2\/product_brand?post=140759"},{"taxonomy":"product_cat","embeddable":true,"href":"https:\/\/shop.kustom.ch\/fr\/wp-json\/wp\/v2\/product_cat?post=140759"},{"taxonomy":"product_tag","embeddable":true,"href":"https:\/\/shop.kustom.ch\/fr\/wp-json\/wp\/v2\/product_tag?post=140759"}],"curies":[{"name":"wp","href":"https:\/\/api.w.org\/{rel}","templated":true}]}}