{"id":140396,"date":"2024-03-22T20:15:32","date_gmt":"2024-03-22T19:15:32","guid":{"rendered":"https:\/\/kustomshop.kinsta.cloud\/produkt\/change-by-erima-tanktop\/"},"modified":"2026-03-31T12:31:19","modified_gmt":"2026-03-31T11:31:19","slug":"change-by-erima-tanktop","status":"publish","type":"product","link":"https:\/\/shop.kustom.ch\/fr\/produit\/change-by-erima-tanktop\/","title":{"rendered":"D\u00e9bardeur CHANGE by erima"},"content":{"rendered":"<p>Polyvalent : le d\u00e9bardeur assure un grand confort en toutes circonstances.<br \/>\nMat\u00e9riau fonctionnel l\u00e9ger \u00e0 s\u00e9chage rapide pour une sensation de fra\u00eecheur<br \/>\ndos en mat\u00e9riau mesh pour un climat corporel id\u00e9al<br \/>\nOpaque<br \/>\nCoupe cintr\u00e9e<br \/>\nMati\u00e8re : 100% polyester recycl\u00e9<\/p>","protected":false},"excerpt":{"rendered":"<p><span><\/span><\/p>","protected":false},"featured_media":140394,"template":"","meta":[],"product_brand":[],"product_cat":[4202],"product_tag":[],"class_list":{"0":"post-140396","1":"product","2":"type-product","3":"status-publish","4":"has-post-thumbnail","6":"product_cat-tank-tops","7":"pa_brand-erima","8":"pa_brand-type-sportswear","9":"pa_filter-color-blau","10":"pa_filter-color-grau","11":"pa_filter-color-rot","12":"pa_filter-color-schwarz","13":"pa_filter-color-weiss","15":"first","16":"instock","17":"sale","18":"taxable","19":"shipping-taxable","20":"purchasable","21":"product-type-variable","22":"add-to-wishlist-before_image"},"exclude_global_add_ons":[],"addons":[],"acf":[],"_links":{"self":[{"href":"https:\/\/shop.kustom.ch\/fr\/wp-json\/wp\/v2\/product\/140396"}],"collection":[{"href":"https:\/\/shop.kustom.ch\/fr\/wp-json\/wp\/v2\/product"}],"about":[{"href":"https:\/\/shop.kustom.ch\/fr\/wp-json\/wp\/v2\/types\/product"}],"wp:featuredmedia":[{"embeddable":true,"href":"https:\/\/shop.kustom.ch\/fr\/wp-json\/wp\/v2\/media\/140394"}],"wp:attachment":[{"href":"https:\/\/shop.kustom.ch\/fr\/wp-json\/wp\/v2\/media?parent=140396"}],"wp:term":[{"taxonomy":"product_brand","embeddable":true,"href":"https:\/\/shop.kustom.ch\/fr\/wp-json\/wp\/v2\/product_brand?post=140396"},{"taxonomy":"product_cat","embeddable":true,"href":"https:\/\/shop.kustom.ch\/fr\/wp-json\/wp\/v2\/product_cat?post=140396"},{"taxonomy":"product_tag","embeddable":true,"href":"https:\/\/shop.kustom.ch\/fr\/wp-json\/wp\/v2\/product_tag?post=140396"}],"curies":[{"name":"wp","href":"https:\/\/api.w.org\/{rel}","templated":true}]}}