{"id":139274,"date":"2024-03-22T20:01:02","date_gmt":"2024-03-22T19:01:02","guid":{"rendered":"https:\/\/kustomshop.kinsta.cloud\/produkt\/change-by-erima-kapuzensweat\/"},"modified":"2026-03-31T12:30:53","modified_gmt":"2026-03-31T11:30:53","slug":"change-by-erima-kapuzensweat","status":"publish","type":"product","link":"https:\/\/shop.kustom.ch\/fr\/produit\/change-by-erima-kapuzensweat\/","title":{"rendered":"Sweat \u00e0 capuche CHANGE by erima"},"content":{"rendered":"<p>Mati\u00e8re super douce ! Ce sweat \u00e0 capuche offre un certain facteur de bien-\u00eatre.<br \/>\nM\u00e9lange de mati\u00e8res tr\u00e8s douces<br \/>\nPoche kangourou int\u00e9gr\u00e9e<br \/>\nCapuche doubl\u00e9e<br \/>\nPoignets et ourlet c\u00f4tel\u00e9s<br \/>\nslogan ERIMA dans le dos<br \/>\nMati\u00e8re : 50% coton, 44% polyester recycl\u00e9, 6% \u00e9lasthanne<\/p>","protected":false},"excerpt":{"rendered":"<p><span><\/span><\/p>","protected":false},"featured_media":139272,"template":"","meta":[],"product_brand":[],"product_cat":[4184],"product_tag":[],"class_list":{"0":"post-139274","1":"product","2":"type-product","3":"status-publish","4":"has-post-thumbnail","6":"product_cat-hoodies-pullover","7":"pa_brand-erima","8":"pa_brand-type-sportswear","9":"pa_filter-color-blau","10":"pa_filter-color-grau","11":"pa_filter-color-rot","12":"pa_filter-color-schwarz","13":"pa_filter-color-weiss","15":"first","16":"instock","17":"sale","18":"taxable","19":"shipping-taxable","20":"purchasable","21":"product-type-variable","22":"add-to-wishlist-before_image"},"exclude_global_add_ons":[],"addons":[],"acf":[],"_links":{"self":[{"href":"https:\/\/shop.kustom.ch\/fr\/wp-json\/wp\/v2\/product\/139274"}],"collection":[{"href":"https:\/\/shop.kustom.ch\/fr\/wp-json\/wp\/v2\/product"}],"about":[{"href":"https:\/\/shop.kustom.ch\/fr\/wp-json\/wp\/v2\/types\/product"}],"wp:featuredmedia":[{"embeddable":true,"href":"https:\/\/shop.kustom.ch\/fr\/wp-json\/wp\/v2\/media\/139272"}],"wp:attachment":[{"href":"https:\/\/shop.kustom.ch\/fr\/wp-json\/wp\/v2\/media?parent=139274"}],"wp:term":[{"taxonomy":"product_brand","embeddable":true,"href":"https:\/\/shop.kustom.ch\/fr\/wp-json\/wp\/v2\/product_brand?post=139274"},{"taxonomy":"product_cat","embeddable":true,"href":"https:\/\/shop.kustom.ch\/fr\/wp-json\/wp\/v2\/product_cat?post=139274"},{"taxonomy":"product_tag","embeddable":true,"href":"https:\/\/shop.kustom.ch\/fr\/wp-json\/wp\/v2\/product_tag?post=139274"}],"curies":[{"name":"wp","href":"https:\/\/api.w.org\/{rel}","templated":true}]}}