{"id":138679,"date":"2024-03-22T19:53:24","date_gmt":"2024-03-22T18:53:24","guid":{"rendered":"https:\/\/kustomshop.kinsta.cloud\/produkt\/change-by-erima-trainingsjacke\/"},"modified":"2026-03-31T12:30:21","modified_gmt":"2026-03-31T11:30:21","slug":"change-by-erima-trainingsjacke","status":"publish","type":"product","link":"https:\/\/shop.kustom.ch\/fr\/produit\/change-by-erima-trainingsjacke\/","title":{"rendered":"Veste d'entra\u00eenement CHANGE by erima"},"content":{"rendered":"<p>Un partenaire d'entra\u00eenement fiable ! Avec cette veste de surv\u00eatement, tu es assur\u00e9 d'un grand confort.<br \/>\nMat\u00e9riau fonctionnel r\u00e9sistant<br \/>\nLarges bords-c\u00f4tes aux manches et \u00e0 l'ourlet<br \/>\nCol montant<br \/>\nPoches lat\u00e9rales zipp\u00e9es recouvertes<br \/>\nslogan ERIMA dans le dos<br \/>\nMati\u00e8re : 100% polyester recycl\u00e9<\/p>","protected":false},"excerpt":{"rendered":"<p><span><\/span><\/p>","protected":false},"featured_media":138677,"template":"","meta":[],"product_brand":[],"product_cat":[4186],"product_tag":[],"class_list":{"0":"post-138679","1":"product","2":"type-product","3":"status-publish","4":"has-post-thumbnail","6":"product_cat-jacken","7":"pa_brand-erima","8":"pa_brand-type-sportswear","9":"pa_filter-color-blau","10":"pa_filter-color-grau","11":"pa_filter-color-rot","12":"pa_filter-color-schwarz","13":"pa_filter-color-weiss","15":"first","16":"instock","17":"sale","18":"taxable","19":"shipping-taxable","20":"purchasable","21":"product-type-variable","22":"add-to-wishlist-before_image"},"exclude_global_add_ons":[],"addons":[],"acf":[],"_links":{"self":[{"href":"https:\/\/shop.kustom.ch\/fr\/wp-json\/wp\/v2\/product\/138679"}],"collection":[{"href":"https:\/\/shop.kustom.ch\/fr\/wp-json\/wp\/v2\/product"}],"about":[{"href":"https:\/\/shop.kustom.ch\/fr\/wp-json\/wp\/v2\/types\/product"}],"wp:featuredmedia":[{"embeddable":true,"href":"https:\/\/shop.kustom.ch\/fr\/wp-json\/wp\/v2\/media\/138677"}],"wp:attachment":[{"href":"https:\/\/shop.kustom.ch\/fr\/wp-json\/wp\/v2\/media?parent=138679"}],"wp:term":[{"taxonomy":"product_brand","embeddable":true,"href":"https:\/\/shop.kustom.ch\/fr\/wp-json\/wp\/v2\/product_brand?post=138679"},{"taxonomy":"product_cat","embeddable":true,"href":"https:\/\/shop.kustom.ch\/fr\/wp-json\/wp\/v2\/product_cat?post=138679"},{"taxonomy":"product_tag","embeddable":true,"href":"https:\/\/shop.kustom.ch\/fr\/wp-json\/wp\/v2\/product_tag?post=138679"}],"curies":[{"name":"wp","href":"https:\/\/api.w.org\/{rel}","templated":true}]}}