{"id":138148,"date":"2024-03-22T19:46:38","date_gmt":"2024-03-22T18:46:38","guid":{"rendered":"https:\/\/kustomshop.kinsta.cloud\/produkt\/liga-star-trainingsjacke-mit-kapuze\/"},"modified":"2026-03-31T12:29:35","modified_gmt":"2026-03-31T11:29:35","slug":"liga-star-trainingsjacke-mit-kapuze","status":"publish","type":"product","link":"https:\/\/shop.kustom.ch\/fr\/produit\/liga-star-trainingsjacke-mit-kapuze\/","title":{"rendered":"Veste d'entra\u00eenement LIGA STAR avec capuche"},"content":{"rendered":"<p>Veste d'entra\u00eenement r\u00e9sistante avec capuche pour l'entra\u00eenement les jours plus frais.<br \/>\nMat\u00e9riau fonctionnel r\u00e9sistant<br \/>\nCoupe raglan et empi\u00e8cements \u00e9lastiques pour une totale libert\u00e9 de mouvement<br \/>\nOurlet ouvert<br \/>\nPiping de couleur contrast\u00e9e sur les manches<br \/>\nCol haut avec capuche et protection du menton<br \/>\nPoches lat\u00e9rales zipp\u00e9es<br \/>\nMat\u00e9riau : polyester 100%<br \/>\nInserts : 92% polyester, 8% \u00e9lasthanne<\/p>","protected":false},"excerpt":{"rendered":"<p><span><\/span><\/p>","protected":false},"featured_media":138146,"template":"","meta":[],"product_brand":[],"product_cat":[4186],"product_tag":[],"class_list":{"0":"post-138148","1":"product","2":"type-product","3":"status-publish","4":"has-post-thumbnail","6":"product_cat-jacken","7":"pa_brand-erima","8":"pa_brand-type-sportswear","9":"pa_filter-color-blau","10":"pa_filter-color-gelb","11":"pa_filter-color-grau","12":"pa_filter-color-gruen","13":"pa_filter-color-rot","14":"pa_filter-color-schwarz","15":"pa_filter-color-weiss","17":"first","18":"instock","19":"sale","20":"taxable","21":"shipping-taxable","22":"purchasable","23":"product-type-variable","24":"add-to-wishlist-before_image"},"exclude_global_add_ons":[],"addons":[],"acf":[],"_links":{"self":[{"href":"https:\/\/shop.kustom.ch\/fr\/wp-json\/wp\/v2\/product\/138148"}],"collection":[{"href":"https:\/\/shop.kustom.ch\/fr\/wp-json\/wp\/v2\/product"}],"about":[{"href":"https:\/\/shop.kustom.ch\/fr\/wp-json\/wp\/v2\/types\/product"}],"wp:featuredmedia":[{"embeddable":true,"href":"https:\/\/shop.kustom.ch\/fr\/wp-json\/wp\/v2\/media\/138146"}],"wp:attachment":[{"href":"https:\/\/shop.kustom.ch\/fr\/wp-json\/wp\/v2\/media?parent=138148"}],"wp:term":[{"taxonomy":"product_brand","embeddable":true,"href":"https:\/\/shop.kustom.ch\/fr\/wp-json\/wp\/v2\/product_brand?post=138148"},{"taxonomy":"product_cat","embeddable":true,"href":"https:\/\/shop.kustom.ch\/fr\/wp-json\/wp\/v2\/product_cat?post=138148"},{"taxonomy":"product_tag","embeddable":true,"href":"https:\/\/shop.kustom.ch\/fr\/wp-json\/wp\/v2\/product_tag?post=138148"}],"curies":[{"name":"wp","href":"https:\/\/api.w.org\/{rel}","templated":true}]}}