{"id":138041,"date":"2024-03-22T19:45:13","date_gmt":"2024-03-22T18:45:13","guid":{"rendered":"https:\/\/kustomshop.kinsta.cloud\/produkt\/liga-star-polyester-trainingsjacke\/"},"modified":"2026-03-31T12:29:06","modified_gmt":"2026-03-31T11:29:06","slug":"liga-star-polyester-trainingsjacke","status":"publish","type":"product","link":"https:\/\/shop.kustom.ch\/fr\/produit\/liga-star-polyester-trainingsjacke\/","title":{"rendered":"Veste d'entra\u00eenement en polyester LIGA STAR"},"content":{"rendered":"<p>Cette veste en polyester robuste r\u00e9siste \u00e0 toutes les s\u00e9ances d'entra\u00eenement.<br \/>\nMat\u00e9riau fonctionnel r\u00e9sistant<br \/>\nCoupe raglan et empi\u00e8cements \u00e9lastiques pour une totale libert\u00e9 de mouvement<br \/>\nfermeture \u00e9clair avec protection du menton<br \/>\nPoches lat\u00e9rales zipp\u00e9es<br \/>\nPiping de couleur contrast\u00e9e sur les manches<br \/>\nMat\u00e9riau : polyester 100%<br \/>\nInserts : 92% polyester, 8% \u00e9lasthanne<\/p>","protected":false},"excerpt":{"rendered":"<p>Die robuste Polyesterjacke h\u00e4lt jeder Trainingseinheit stand. Strapazierf\u00e4higes Funktionsmaterial Raglanschnitt und elastische Eins\u00e4tze f\u00fcr volle Bewegungsfreiheit Reissverschluss mit Kinnschutz Seitliche Reissverschlusstaschen Kontrastfarbenes Piping an den \u00c4rmeln Material: 100% Polyester Eins\u00e4tze: 92% Polyester, 8% Elasthan<\/p>","protected":false},"featured_media":138039,"template":"","meta":[],"product_brand":[],"product_cat":[4186],"product_tag":[],"class_list":{"0":"post-138041","1":"product","2":"type-product","3":"status-publish","4":"has-post-thumbnail","6":"product_cat-jacken","7":"pa_brand-erima","8":"pa_brand-type-sportswear","9":"pa_filter-color-blau","10":"pa_filter-color-gelb","11":"pa_filter-color-grau","12":"pa_filter-color-gruen","13":"pa_filter-color-rot","14":"pa_filter-color-schwarz","15":"pa_filter-color-weiss","17":"first","18":"instock","19":"sale","20":"taxable","21":"shipping-taxable","22":"purchasable","23":"product-type-variable","24":"has-default-attributes","25":"add-to-wishlist-before_image"},"exclude_global_add_ons":[],"addons":[],"acf":[],"_links":{"self":[{"href":"https:\/\/shop.kustom.ch\/fr\/wp-json\/wp\/v2\/product\/138041"}],"collection":[{"href":"https:\/\/shop.kustom.ch\/fr\/wp-json\/wp\/v2\/product"}],"about":[{"href":"https:\/\/shop.kustom.ch\/fr\/wp-json\/wp\/v2\/types\/product"}],"wp:featuredmedia":[{"embeddable":true,"href":"https:\/\/shop.kustom.ch\/fr\/wp-json\/wp\/v2\/media\/138039"}],"wp:attachment":[{"href":"https:\/\/shop.kustom.ch\/fr\/wp-json\/wp\/v2\/media?parent=138041"}],"wp:term":[{"taxonomy":"product_brand","embeddable":true,"href":"https:\/\/shop.kustom.ch\/fr\/wp-json\/wp\/v2\/product_brand?post=138041"},{"taxonomy":"product_cat","embeddable":true,"href":"https:\/\/shop.kustom.ch\/fr\/wp-json\/wp\/v2\/product_cat?post=138041"},{"taxonomy":"product_tag","embeddable":true,"href":"https:\/\/shop.kustom.ch\/fr\/wp-json\/wp\/v2\/product_tag?post=138041"}],"curies":[{"name":"wp","href":"https:\/\/api.w.org\/{rel}","templated":true}]}}