{"id":137404,"date":"2024-03-22T19:37:40","date_gmt":"2024-03-22T18:37:40","guid":{"rendered":"https:\/\/kustomshop.kinsta.cloud\/produkt\/six-wings-trainingsjacke-mit-kapuze\/"},"modified":"2026-03-31T12:26:26","modified_gmt":"2026-03-31T11:26:26","slug":"six-wings-trainingsjacke-mit-kapuze","status":"publish","type":"product","link":"https:\/\/shop.kustom.ch\/fr\/produit\/six-wings-trainingsjacke-mit-kapuze\/","title":{"rendered":"Veste d'entra\u00eenement Six Wings avec capuche"},"content":{"rendered":"<p>Fonctionnel et confortable ! Cette veste \u00e0 capuche compl\u00e8te ton look dans toutes les situations sportives.<br \/>\nM\u00e9lange de mati\u00e8res douces<br \/>\nCotton Touch pour un port confortable<br \/>\nCol haut avec capuche<br \/>\nLarges bords-c\u00f4tes aux manches et \u00e0 l'ourlet<br \/>\nPoches lat\u00e9rales zipp\u00e9es<br \/>\nDesign ERIMA en forme de balancier sur l'\u00e9paule<br \/>\nMati\u00e8re : polyester 65%, coton 35%<\/p>","protected":false},"excerpt":{"rendered":"<p>Funktionell und gem\u00fctlich! Die Kapuzenjacke macht deinen Look in jeder sportlichen Situation komplett. Weicher Materialmix Cotton Touch f\u00fcr ein angenehmes Tragegef\u00fchl Hoher Kragen mit Kapuze Breite Rippb\u00fcndchen an \u00c4rmel und Saum Seitliche Reissverschlusstaschen ERIMA Schwingen-Design auf der Schulter Material: 65% Polyester, 35% Baumwolle<\/p>","protected":false},"featured_media":137401,"template":"","meta":[],"product_brand":[],"product_cat":[4186],"product_tag":[],"class_list":{"0":"post-137404","1":"product","2":"type-product","3":"status-publish","4":"has-post-thumbnail","6":"product_cat-jacken","7":"pa_brand-erima","8":"pa_brand-type-sportswear","9":"pa_filter-color-blau","10":"pa_filter-color-gelb","11":"pa_filter-color-grau","12":"pa_filter-color-gruen","13":"pa_filter-color-orange","14":"pa_filter-color-rot","15":"pa_filter-color-schwarz","16":"pa_filter-color-weiss","18":"first","19":"instock","20":"sale","21":"taxable","22":"shipping-taxable","23":"purchasable","24":"product-type-variable","25":"add-to-wishlist-before_image"},"exclude_global_add_ons":[],"addons":[],"acf":[],"_links":{"self":[{"href":"https:\/\/shop.kustom.ch\/fr\/wp-json\/wp\/v2\/product\/137404"}],"collection":[{"href":"https:\/\/shop.kustom.ch\/fr\/wp-json\/wp\/v2\/product"}],"about":[{"href":"https:\/\/shop.kustom.ch\/fr\/wp-json\/wp\/v2\/types\/product"}],"wp:featuredmedia":[{"embeddable":true,"href":"https:\/\/shop.kustom.ch\/fr\/wp-json\/wp\/v2\/media\/137401"}],"wp:attachment":[{"href":"https:\/\/shop.kustom.ch\/fr\/wp-json\/wp\/v2\/media?parent=137404"}],"wp:term":[{"taxonomy":"product_brand","embeddable":true,"href":"https:\/\/shop.kustom.ch\/fr\/wp-json\/wp\/v2\/product_brand?post=137404"},{"taxonomy":"product_cat","embeddable":true,"href":"https:\/\/shop.kustom.ch\/fr\/wp-json\/wp\/v2\/product_cat?post=137404"},{"taxonomy":"product_tag","embeddable":true,"href":"https:\/\/shop.kustom.ch\/fr\/wp-json\/wp\/v2\/product_tag?post=137404"}],"curies":[{"name":"wp","href":"https:\/\/api.w.org\/{rel}","templated":true}]}}