{"id":136382,"date":"2024-03-22T19:24:59","date_gmt":"2024-03-22T18:24:59","guid":{"rendered":"https:\/\/kustomshop.kinsta.cloud\/produkt\/six-wings-praesentationsjacke\/"},"modified":"2026-03-31T12:25:35","modified_gmt":"2026-03-31T11:25:35","slug":"six-wings-praesentationsjacke","status":"publish","type":"product","link":"https:\/\/shop.kustom.ch\/fr\/produit\/six-wings-praesentationsjacke\/","title":{"rendered":"Veste de pr\u00e9sentation Six Wings"},"content":{"rendered":"<p>Ton \u00e9quipe au centre de l'attention ! Avec la veste de pr\u00e9sentation, tu es sportif \u00e0 l'entra\u00eenement et au quotidien.<br \/>\nMat\u00e9riau fonctionnel l\u00e9ger et \u00e9lastique<br \/>\nPoignets et ourlet \u00e9lastiques<br \/>\nCol montant<br \/>\nPoches lat\u00e9rales zipp\u00e9es<br \/>\nSans doublure<br \/>\nDesign ERIMA en forme de balancier sur l'\u00e9paule<br \/>\nMat\u00e9riau : polyester 100%<\/p>","protected":false},"excerpt":{"rendered":"<p>Dein Team im Mittelpunkt! Mit der Pr\u00e4sentationsjacke bist du rund ums Training und im Alltag sportlich unterwegs. Leichtes, elastisches Funktionsmaterial Elastische B\u00fcndchen an \u00c4rmel und Saum Stehkragen Seitliche Reissverschlusstaschen Ohne Innenfutter ERIMA Schwingen-Design auf der Schulter Material: 100% Polyester<\/p>","protected":false},"featured_media":136379,"template":"","meta":[],"product_brand":[],"product_cat":[4186],"product_tag":[],"class_list":{"0":"post-136382","1":"product","2":"type-product","3":"status-publish","4":"has-post-thumbnail","6":"product_cat-jacken","7":"pa_brand-erima","8":"pa_brand-type-sportswear","9":"pa_filter-color-blau","10":"pa_filter-color-gelb","11":"pa_filter-color-grau","12":"pa_filter-color-gruen","13":"pa_filter-color-orange","14":"pa_filter-color-rot","15":"pa_filter-color-schwarz","16":"pa_filter-color-weiss","18":"first","19":"instock","20":"sale","21":"taxable","22":"shipping-taxable","23":"purchasable","24":"product-type-variable","25":"add-to-wishlist-before_image"},"exclude_global_add_ons":[],"addons":[],"acf":[],"_links":{"self":[{"href":"https:\/\/shop.kustom.ch\/fr\/wp-json\/wp\/v2\/product\/136382"}],"collection":[{"href":"https:\/\/shop.kustom.ch\/fr\/wp-json\/wp\/v2\/product"}],"about":[{"href":"https:\/\/shop.kustom.ch\/fr\/wp-json\/wp\/v2\/types\/product"}],"wp:featuredmedia":[{"embeddable":true,"href":"https:\/\/shop.kustom.ch\/fr\/wp-json\/wp\/v2\/media\/136379"}],"wp:attachment":[{"href":"https:\/\/shop.kustom.ch\/fr\/wp-json\/wp\/v2\/media?parent=136382"}],"wp:term":[{"taxonomy":"product_brand","embeddable":true,"href":"https:\/\/shop.kustom.ch\/fr\/wp-json\/wp\/v2\/product_brand?post=136382"},{"taxonomy":"product_cat","embeddable":true,"href":"https:\/\/shop.kustom.ch\/fr\/wp-json\/wp\/v2\/product_cat?post=136382"},{"taxonomy":"product_tag","embeddable":true,"href":"https:\/\/shop.kustom.ch\/fr\/wp-json\/wp\/v2\/product_tag?post=136382"}],"curies":[{"name":"wp","href":"https:\/\/api.w.org\/{rel}","templated":true}]}}