{"id":130230,"date":"2024-03-21T20:46:59","date_gmt":"2024-03-21T19:46:59","guid":{"rendered":"https:\/\/kustomshop.kinsta.cloud\/produkt\/polyesterhose-power\/"},"modified":"2026-03-31T13:40:59","modified_gmt":"2026-03-31T12:40:59","slug":"polyesterhose-power","status":"publish","type":"product","link":"https:\/\/shop.kustom.ch\/fr\/produit\/polyesterhose-power\/","title":{"rendered":"Pantalon en polyester Power"},"content":{"rendered":"<p>Insert lat\u00e9ral en nid d'abeille<br \/>\nPoches lat\u00e9rales avec fermeture \u00e9clair<br \/>\nInsert \u00e9lastique au niveau du mollet<br \/>\nBas de jambe avec fermeture \u00e9clair<br \/>\nCeinture \u00e9lastique en deux parties avec cordon de serrage<br \/>\nCoupe conique<br \/>\nCoupe moderne \u00e0 la longueur de la cheville pour les tailles adultes<br \/>\nTricot de polyester mat<br \/>\n100 % polyester (recycl\u00e9)<br \/>\nEmpi\u00e8cement mollet : 90 % polyester (recycl\u00e9), 10 % \u00e9lasthanne<\/p>","protected":false},"excerpt":{"rendered":"<p><span><\/span><\/p>","protected":false},"featured_media":130229,"template":"","meta":[],"product_brand":[],"product_cat":[4185],"product_tag":[],"class_list":{"0":"post-130230","1":"product","2":"type-product","3":"status-publish","4":"has-post-thumbnail","6":"product_cat-hosen","7":"pa_brand-jako","8":"pa_brand-type-sportswear","9":"pa_filter-color-blau","10":"pa_filter-color-grau","11":"pa_filter-color-rot","12":"pa_filter-color-schwarz","13":"pa_filter-color-weiss","15":"first","16":"instock","17":"sale","18":"taxable","19":"shipping-taxable","20":"purchasable","21":"product-type-variable","22":"add-to-wishlist-before_image"},"exclude_global_add_ons":[],"addons":[],"acf":[],"_links":{"self":[{"href":"https:\/\/shop.kustom.ch\/fr\/wp-json\/wp\/v2\/product\/130230"}],"collection":[{"href":"https:\/\/shop.kustom.ch\/fr\/wp-json\/wp\/v2\/product"}],"about":[{"href":"https:\/\/shop.kustom.ch\/fr\/wp-json\/wp\/v2\/types\/product"}],"wp:featuredmedia":[{"embeddable":true,"href":"https:\/\/shop.kustom.ch\/fr\/wp-json\/wp\/v2\/media\/130229"}],"wp:attachment":[{"href":"https:\/\/shop.kustom.ch\/fr\/wp-json\/wp\/v2\/media?parent=130230"}],"wp:term":[{"taxonomy":"product_brand","embeddable":true,"href":"https:\/\/shop.kustom.ch\/fr\/wp-json\/wp\/v2\/product_brand?post=130230"},{"taxonomy":"product_cat","embeddable":true,"href":"https:\/\/shop.kustom.ch\/fr\/wp-json\/wp\/v2\/product_cat?post=130230"},{"taxonomy":"product_tag","embeddable":true,"href":"https:\/\/shop.kustom.ch\/fr\/wp-json\/wp\/v2\/product_tag?post=130230"}],"curies":[{"name":"wp","href":"https:\/\/api.w.org\/{rel}","templated":true}]}}