{"id":129915,"date":"2024-03-21T20:41:49","date_gmt":"2024-03-21T19:41:49","guid":{"rendered":"https:\/\/kustomshop.kinsta.cloud\/produkt\/tw-underwear-la\/"},"modified":"2026-03-31T13:40:34","modified_gmt":"2026-03-31T12:40:34","slug":"tw-underwear-la","status":"publish","type":"product","link":"https:\/\/shop.kustom.ch\/fr\/produit\/tw-underwear-la\/","title":{"rendered":"TW-Underwear LA"},"content":{"rendered":"<p>Mat\u00e9riau \u00e9lastique avec effet l\u00e9g\u00e8rement compressif<br \/>\nBodyfit<br \/>\nRembourrage flexible pour les coudes<br \/>\n87 % polyester, 13 % \u00e9lasthanne<br \/>\nPolyester stretch-tech<\/p>","protected":false},"excerpt":{"rendered":"<p><span><\/span><\/p>","protected":false},"featured_media":129914,"template":"","meta":[],"product_brand":[],"product_cat":[4206],"product_tag":[],"class_list":{"0":"post-129915","1":"product","2":"type-product","3":"status-publish","4":"has-post-thumbnail","6":"product_cat-underwear","7":"pa_brand-jako","8":"pa_brand-type-sportswear","9":"pa_filter-color-schwarz","11":"first","12":"instock","13":"sale","14":"taxable","15":"shipping-taxable","16":"purchasable","17":"product-type-variable","18":"add-to-wishlist-before_image"},"exclude_global_add_ons":[],"addons":[],"acf":[],"_links":{"self":[{"href":"https:\/\/shop.kustom.ch\/fr\/wp-json\/wp\/v2\/product\/129915"}],"collection":[{"href":"https:\/\/shop.kustom.ch\/fr\/wp-json\/wp\/v2\/product"}],"about":[{"href":"https:\/\/shop.kustom.ch\/fr\/wp-json\/wp\/v2\/types\/product"}],"wp:featuredmedia":[{"embeddable":true,"href":"https:\/\/shop.kustom.ch\/fr\/wp-json\/wp\/v2\/media\/129914"}],"wp:attachment":[{"href":"https:\/\/shop.kustom.ch\/fr\/wp-json\/wp\/v2\/media?parent=129915"}],"wp:term":[{"taxonomy":"product_brand","embeddable":true,"href":"https:\/\/shop.kustom.ch\/fr\/wp-json\/wp\/v2\/product_brand?post=129915"},{"taxonomy":"product_cat","embeddable":true,"href":"https:\/\/shop.kustom.ch\/fr\/wp-json\/wp\/v2\/product_cat?post=129915"},{"taxonomy":"product_tag","embeddable":true,"href":"https:\/\/shop.kustom.ch\/fr\/wp-json\/wp\/v2\/product_tag?post=129915"}],"curies":[{"name":"wp","href":"https:\/\/api.w.org\/{rel}","templated":true}]}}