{"id":128949,"date":"2024-03-21T20:25:57","date_gmt":"2024-03-21T19:25:57","guid":{"rendered":"https:\/\/kustomshop.kinsta.cloud\/produkt\/ziptop-iconic\/"},"modified":"2026-03-31T13:39:31","modified_gmt":"2026-03-31T12:39:31","slug":"ziptop-iconic","status":"publish","type":"product","link":"https:\/\/shop.kustom.ch\/fr\/produit\/ziptop-iconic\/","title":{"rendered":"D\u00e9bardeur Iconic"},"content":{"rendered":"<p>Insert jacquard<br \/>\nBody avec int\u00e9rieur en polaire douce<br \/>\nmanches en m\u00e9lange de polyester et d'\u00e9lasthanne tr\u00e8s \u00e9lastique<br \/>\nPolaire stretch en polyester<br \/>\n100 % polyester (recycl\u00e9)<br \/>\nManches : 90 % polyester (recycl\u00e9), 10 % \u00e9lasthanne<\/p>","protected":false},"excerpt":{"rendered":"<p><span><\/span><\/p>","protected":false},"featured_media":128948,"template":"","meta":[],"product_brand":[],"product_cat":[4184],"product_tag":[],"class_list":{"0":"post-128949","1":"product","2":"type-product","3":"status-publish","4":"has-post-thumbnail","6":"product_cat-hoodies-pullover","7":"pa_brand-jako","8":"pa_brand-type-sportswear","9":"pa_filter-color-blau","10":"pa_filter-color-gelb","11":"pa_filter-color-grau","12":"pa_filter-color-gruen","13":"pa_filter-color-orange","14":"pa_filter-color-rot","15":"pa_filter-color-schwarz","16":"pa_filter-color-weiss","18":"first","19":"instock","20":"sale","21":"taxable","22":"shipping-taxable","23":"purchasable","24":"product-type-variable","25":"add-to-wishlist-before_image"},"exclude_global_add_ons":[],"addons":[],"acf":[],"_links":{"self":[{"href":"https:\/\/shop.kustom.ch\/fr\/wp-json\/wp\/v2\/product\/128949"}],"collection":[{"href":"https:\/\/shop.kustom.ch\/fr\/wp-json\/wp\/v2\/product"}],"about":[{"href":"https:\/\/shop.kustom.ch\/fr\/wp-json\/wp\/v2\/types\/product"}],"wp:featuredmedia":[{"embeddable":true,"href":"https:\/\/shop.kustom.ch\/fr\/wp-json\/wp\/v2\/media\/128948"}],"wp:attachment":[{"href":"https:\/\/shop.kustom.ch\/fr\/wp-json\/wp\/v2\/media?parent=128949"}],"wp:term":[{"taxonomy":"product_brand","embeddable":true,"href":"https:\/\/shop.kustom.ch\/fr\/wp-json\/wp\/v2\/product_brand?post=128949"},{"taxonomy":"product_cat","embeddable":true,"href":"https:\/\/shop.kustom.ch\/fr\/wp-json\/wp\/v2\/product_cat?post=128949"},{"taxonomy":"product_tag","embeddable":true,"href":"https:\/\/shop.kustom.ch\/fr\/wp-json\/wp\/v2\/product_tag?post=128949"}],"curies":[{"name":"wp","href":"https:\/\/api.w.org\/{rel}","templated":true}]}}