{"id":128404,"date":"2024-03-21T20:09:57","date_gmt":"2024-03-21T19:09:57","guid":{"rendered":"https:\/\/kustomshop.kinsta.cloud\/produkt\/short-tight-compression-2-0\/"},"modified":"2026-03-31T13:38:56","modified_gmt":"2026-03-31T12:38:56","slug":"short-tight-compression-2-0","status":"publish","type":"product","link":"https:\/\/shop.kustom.ch\/fr\/produit\/short-tight-compression-2-0\/","title":{"rendered":"Cuissard Compression 2.0"},"content":{"rendered":"<p>ceinture confortable dans une optique moderne de m\u00e9lange<br \/>\nMat\u00e9riau \u00e9lastique avec effet l\u00e9g\u00e8rement compressif<br \/>\nBodyfit<br \/>\nInserts en mesh<br \/>\nCoutures flatlock<br \/>\nPolyester stretch-tech<br \/>\n87 % polyester, 13 % \u00e9lasthanne<br \/>\nInsert en mesh<br \/>\n88 % polyester, 12 % \u00e9lasthanne<\/p>","protected":false},"excerpt":{"rendered":"<p><span><\/span><\/p>","protected":false},"featured_media":128403,"template":"","meta":[],"product_brand":[],"product_cat":[4206],"product_tag":[],"class_list":{"0":"post-128404","1":"product","2":"type-product","3":"status-publish","4":"has-post-thumbnail","6":"product_cat-underwear","7":"pa_brand-jako","8":"pa_brand-type-sportswear","9":"pa_filter-color-blau","10":"pa_filter-color-gelb","11":"pa_filter-color-grau","12":"pa_filter-color-gruen","13":"pa_filter-color-rot","14":"pa_filter-color-schwarz","15":"pa_filter-color-weiss","17":"first","18":"instock","19":"sale","20":"taxable","21":"shipping-taxable","22":"purchasable","23":"product-type-variable","24":"add-to-wishlist-before_image"},"exclude_global_add_ons":[],"addons":[],"acf":[],"_links":{"self":[{"href":"https:\/\/shop.kustom.ch\/fr\/wp-json\/wp\/v2\/product\/128404"}],"collection":[{"href":"https:\/\/shop.kustom.ch\/fr\/wp-json\/wp\/v2\/product"}],"about":[{"href":"https:\/\/shop.kustom.ch\/fr\/wp-json\/wp\/v2\/types\/product"}],"wp:featuredmedia":[{"embeddable":true,"href":"https:\/\/shop.kustom.ch\/fr\/wp-json\/wp\/v2\/media\/128403"}],"wp:attachment":[{"href":"https:\/\/shop.kustom.ch\/fr\/wp-json\/wp\/v2\/media?parent=128404"}],"wp:term":[{"taxonomy":"product_brand","embeddable":true,"href":"https:\/\/shop.kustom.ch\/fr\/wp-json\/wp\/v2\/product_brand?post=128404"},{"taxonomy":"product_cat","embeddable":true,"href":"https:\/\/shop.kustom.ch\/fr\/wp-json\/wp\/v2\/product_cat?post=128404"},{"taxonomy":"product_tag","embeddable":true,"href":"https:\/\/shop.kustom.ch\/fr\/wp-json\/wp\/v2\/product_tag?post=128404"}],"curies":[{"name":"wp","href":"https:\/\/api.w.org\/{rel}","templated":true}]}}