{"id":128149,"date":"2024-03-21T20:05:56","date_gmt":"2024-03-21T19:05:56","guid":{"rendered":"https:\/\/kustomshop.kinsta.cloud\/produkt\/trainingshose-active\/"},"modified":"2026-03-31T13:38:44","modified_gmt":"2026-03-31T12:38:44","slug":"trainingshose-active","status":"publish","type":"product","link":"https:\/\/shop.kustom.ch\/fr\/produit\/trainingshose-active\/","title":{"rendered":"Pantalon de surv\u00eatement Active"},"content":{"rendered":"<p>Poches lat\u00e9rales avec fermeture \u00e9clair<br \/>\nBas de jambe avec fermeture \u00e9clair<br \/>\nCeinture \u00e9lastique avec cordon de serrage<br \/>\nempi\u00e8cement c\u00f4tel\u00e9 au mollet<br \/>\nPolyester-Terry<br \/>\n100 % Polyester<\/p>","protected":false},"excerpt":{"rendered":"<p><span><\/span><\/p>","protected":false},"featured_media":128148,"template":"","meta":[],"product_brand":[],"product_cat":[4185],"product_tag":[],"class_list":{"0":"post-128149","1":"product","2":"type-product","3":"status-publish","4":"has-post-thumbnail","6":"product_cat-hosen","7":"pa_brand-jako","8":"pa_brand-type-sportswear","9":"pa_filter-color-blau","10":"pa_filter-color-gelb","11":"pa_filter-color-grau","12":"pa_filter-color-rot","13":"pa_filter-color-schwarz","14":"pa_filter-color-weiss","16":"first","17":"instock","18":"sale","19":"taxable","20":"shipping-taxable","21":"purchasable","22":"product-type-variable","23":"add-to-wishlist-before_image"},"exclude_global_add_ons":[],"addons":[],"acf":[],"_links":{"self":[{"href":"https:\/\/shop.kustom.ch\/fr\/wp-json\/wp\/v2\/product\/128149"}],"collection":[{"href":"https:\/\/shop.kustom.ch\/fr\/wp-json\/wp\/v2\/product"}],"about":[{"href":"https:\/\/shop.kustom.ch\/fr\/wp-json\/wp\/v2\/types\/product"}],"wp:featuredmedia":[{"embeddable":true,"href":"https:\/\/shop.kustom.ch\/fr\/wp-json\/wp\/v2\/media\/128148"}],"wp:attachment":[{"href":"https:\/\/shop.kustom.ch\/fr\/wp-json\/wp\/v2\/media?parent=128149"}],"wp:term":[{"taxonomy":"product_brand","embeddable":true,"href":"https:\/\/shop.kustom.ch\/fr\/wp-json\/wp\/v2\/product_brand?post=128149"},{"taxonomy":"product_cat","embeddable":true,"href":"https:\/\/shop.kustom.ch\/fr\/wp-json\/wp\/v2\/product_cat?post=128149"},{"taxonomy":"product_tag","embeddable":true,"href":"https:\/\/shop.kustom.ch\/fr\/wp-json\/wp\/v2\/product_tag?post=128149"}],"curies":[{"name":"wp","href":"https:\/\/api.w.org\/{rel}","templated":true}]}}