{"id":127629,"date":"2024-03-21T19:57:20","date_gmt":"2024-03-21T18:57:20","guid":{"rendered":"https:\/\/kustomshop.kinsta.cloud\/produkt\/winter-tight-power-damen\/"},"modified":"2026-03-31T13:38:04","modified_gmt":"2026-03-31T12:38:04","slug":"winter-tight-power-damen","status":"publish","type":"product","link":"https:\/\/shop.kustom.ch\/fr\/produit\/winter-tight-power-damen\/","title":{"rendered":"Collant d'hiver Power pour femmes"},"content":{"rendered":"<p>Poche lat\u00e9rale<br \/>\nInsert lat\u00e9ral en nid d'abeille<br \/>\nInt\u00e9rieur doux gr\u00e2ce \u00e0 un mat\u00e9riau l\u00e9g\u00e8rement gratt\u00e9<br \/>\nTaille confortable et extra large avec poche pour les cl\u00e9s<br \/>\nBrosse en jersey polyester stretch<br \/>\n92 % polyester (recycl\u00e9), 8 % \u00e9lasthanne<\/p>","protected":false},"excerpt":{"rendered":"<p><span><\/span><\/p>","protected":false},"featured_media":127628,"template":"","meta":[],"product_brand":[],"product_cat":[4190],"product_tag":[],"class_list":{"0":"post-127629","1":"product","2":"type-product","3":"status-publish","4":"has-post-thumbnail","6":"product_cat-leggings","7":"pa_brand-jako","8":"pa_brand-type-sportswear","9":"pa_filter-color-schwarz","11":"first","12":"instock","13":"sale","14":"taxable","15":"shipping-taxable","16":"purchasable","17":"product-type-variable","18":"add-to-wishlist-before_image"},"exclude_global_add_ons":[],"addons":[],"acf":[],"_links":{"self":[{"href":"https:\/\/shop.kustom.ch\/fr\/wp-json\/wp\/v2\/product\/127629"}],"collection":[{"href":"https:\/\/shop.kustom.ch\/fr\/wp-json\/wp\/v2\/product"}],"about":[{"href":"https:\/\/shop.kustom.ch\/fr\/wp-json\/wp\/v2\/types\/product"}],"wp:featuredmedia":[{"embeddable":true,"href":"https:\/\/shop.kustom.ch\/fr\/wp-json\/wp\/v2\/media\/127628"}],"wp:attachment":[{"href":"https:\/\/shop.kustom.ch\/fr\/wp-json\/wp\/v2\/media?parent=127629"}],"wp:term":[{"taxonomy":"product_brand","embeddable":true,"href":"https:\/\/shop.kustom.ch\/fr\/wp-json\/wp\/v2\/product_brand?post=127629"},{"taxonomy":"product_cat","embeddable":true,"href":"https:\/\/shop.kustom.ch\/fr\/wp-json\/wp\/v2\/product_cat?post=127629"},{"taxonomy":"product_tag","embeddable":true,"href":"https:\/\/shop.kustom.ch\/fr\/wp-json\/wp\/v2\/product_tag?post=127629"}],"curies":[{"name":"wp","href":"https:\/\/api.w.org\/{rel}","templated":true}]}}