{"id":127164,"date":"2024-03-21T19:49:58","date_gmt":"2024-03-21T18:49:58","guid":{"rendered":"https:\/\/kustomshop.kinsta.cloud\/produkt\/bankmantel-team\/"},"modified":"2026-03-31T13:36:45","modified_gmt":"2026-03-31T12:36:45","slug":"bankmantel-team","status":"publish","type":"product","link":"https:\/\/shop.kustom.ch\/fr\/produit\/bankmantel-team\/","title":{"rendered":"\u00c9quipe du manteau de banque"},"content":{"rendered":"<p>Tissu ext\u00e9rieur hydrofuge avec rev\u00eatement PU<br \/>\nRembourrage thermo-isolant<br \/>\nBas des manches avec lien \u00e9lastique<br \/>\nfermeture \u00e9clair \u00e0 double sens<br \/>\nCoutures piqu\u00e9es \u00e0 l'int\u00e9rieur de la poitrine et du dos et \u00e0 l'ext\u00e9rieur des manches<br \/>\nCapuche matelass\u00e9e avec doublure<br \/>\nPoches lat\u00e9rales<br \/>\n100 % Polyester<br \/>\n1500 mm PU<\/p>","protected":false},"excerpt":{"rendered":"<p><span><\/span><\/p>","protected":false},"featured_media":127163,"template":"","meta":[],"product_brand":[],"product_cat":[4186],"product_tag":[],"class_list":{"0":"post-127164","1":"product","2":"type-product","3":"status-publish","4":"has-post-thumbnail","6":"product_cat-jacken","7":"pa_brand-jako","8":"pa_brand-type-sportswear","9":"pa_filter-color-schwarz","11":"first","12":"instock","13":"sale","14":"taxable","15":"shipping-taxable","16":"purchasable","17":"product-type-variable","18":"add-to-wishlist-before_image"},"exclude_global_add_ons":[],"addons":[],"acf":[],"_links":{"self":[{"href":"https:\/\/shop.kustom.ch\/fr\/wp-json\/wp\/v2\/product\/127164"}],"collection":[{"href":"https:\/\/shop.kustom.ch\/fr\/wp-json\/wp\/v2\/product"}],"about":[{"href":"https:\/\/shop.kustom.ch\/fr\/wp-json\/wp\/v2\/types\/product"}],"wp:featuredmedia":[{"embeddable":true,"href":"https:\/\/shop.kustom.ch\/fr\/wp-json\/wp\/v2\/media\/127163"}],"wp:attachment":[{"href":"https:\/\/shop.kustom.ch\/fr\/wp-json\/wp\/v2\/media?parent=127164"}],"wp:term":[{"taxonomy":"product_brand","embeddable":true,"href":"https:\/\/shop.kustom.ch\/fr\/wp-json\/wp\/v2\/product_brand?post=127164"},{"taxonomy":"product_cat","embeddable":true,"href":"https:\/\/shop.kustom.ch\/fr\/wp-json\/wp\/v2\/product_cat?post=127164"},{"taxonomy":"product_tag","embeddable":true,"href":"https:\/\/shop.kustom.ch\/fr\/wp-json\/wp\/v2\/product_tag?post=127164"}],"curies":[{"name":"wp","href":"https:\/\/api.w.org\/{rel}","templated":true}]}}