{"id":126829,"date":"2024-03-21T19:44:09","date_gmt":"2024-03-21T18:44:09","guid":{"rendered":"https:\/\/kustomshop.kinsta.cloud\/produkt\/steppweste-premium\/"},"modified":"2026-03-31T13:36:33","modified_gmt":"2026-03-31T12:36:33","slug":"steppweste-premium","status":"publish","type":"product","link":"https:\/\/shop.kustom.ch\/fr\/produit\/steppweste-premium\/","title":{"rendered":"Gilet matelass\u00e9 Premium"},"content":{"rendered":"<p>Rembourrage thermo-isolant sur la poitrine et le dos<br \/>\nzone lat\u00e9rale avec mat\u00e9riau fonctionnel hautement \u00e9lastique<br \/>\nFinition des emmanchures et de la veste avec un lien \u00e9lastique<br \/>\nPoches lat\u00e9rales avec fermeture \u00e9clair<br \/>\nTissu ext\u00e9rieur : 100 nylon %<br \/>\nRembourrage : 100 % polyester<br \/>\nEmpi\u00e8cements lat\u00e9raux : 90 % polyester, 10 % \u00e9lasthanne<\/p>","protected":false},"excerpt":{"rendered":"<p><span><\/span><\/p>","protected":false},"featured_media":126828,"template":"","meta":[],"product_brand":[],"product_cat":[4208],"product_tag":[],"class_list":{"0":"post-126829","1":"product","2":"type-product","3":"status-publish","4":"has-post-thumbnail","6":"product_cat-westen","7":"pa_brand-jako","8":"pa_brand-type-sportswear","9":"pa_filter-color-blau","10":"pa_filter-color-grau","11":"pa_filter-color-schwarz","13":"first","14":"instock","15":"sale","16":"taxable","17":"shipping-taxable","18":"purchasable","19":"product-type-variable","20":"add-to-wishlist-before_image"},"exclude_global_add_ons":[],"addons":[],"acf":[],"_links":{"self":[{"href":"https:\/\/shop.kustom.ch\/fr\/wp-json\/wp\/v2\/product\/126829"}],"collection":[{"href":"https:\/\/shop.kustom.ch\/fr\/wp-json\/wp\/v2\/product"}],"about":[{"href":"https:\/\/shop.kustom.ch\/fr\/wp-json\/wp\/v2\/types\/product"}],"wp:featuredmedia":[{"embeddable":true,"href":"https:\/\/shop.kustom.ch\/fr\/wp-json\/wp\/v2\/media\/126828"}],"wp:attachment":[{"href":"https:\/\/shop.kustom.ch\/fr\/wp-json\/wp\/v2\/media?parent=126829"}],"wp:term":[{"taxonomy":"product_brand","embeddable":true,"href":"https:\/\/shop.kustom.ch\/fr\/wp-json\/wp\/v2\/product_brand?post=126829"},{"taxonomy":"product_cat","embeddable":true,"href":"https:\/\/shop.kustom.ch\/fr\/wp-json\/wp\/v2\/product_cat?post=126829"},{"taxonomy":"product_tag","embeddable":true,"href":"https:\/\/shop.kustom.ch\/fr\/wp-json\/wp\/v2\/product_tag?post=126829"}],"curies":[{"name":"wp","href":"https:\/\/api.w.org\/{rel}","templated":true}]}}