{"id":126496,"date":"2024-03-21T19:39:13","date_gmt":"2024-03-21T18:39:13","guid":{"rendered":"https:\/\/kustomshop.kinsta.cloud\/produkt\/kapuzenjacke-base\/"},"modified":"2026-03-31T13:36:20","modified_gmt":"2026-03-31T12:36:20","slug":"kapuzenjacke-base","status":"publish","type":"product","link":"https:\/\/shop.kustom.ch\/fr\/produit\/kapuzenjacke-base\/","title":{"rendered":"Veste \u00e0 capuche Base"},"content":{"rendered":"<p>Coton issu de l'agriculture biologique contr\u00f4l\u00e9e<br \/>\nPoign\u00e9e douce<br \/>\nPr\u00e9trait\u00e9 au rodage<br \/>\nPoche plaqu\u00e9e<br \/>\nCapuche avec cordon de serrage<br \/>\nSans cordons pour les tailles enfants<br \/>\nbas de la veste et des manches en bord-c\u00f4te<br \/>\nFrench-Terry<br \/>\n70 % coton (bio), 30 % polyester (recycl\u00e9)<br \/>\nTeinte 41 : 60 % coton (bio), 34 % polyester (recycl\u00e9), 6 % viscose<\/p>","protected":false},"excerpt":{"rendered":"<p><span><\/span><\/p>","protected":false},"featured_media":126495,"template":"","meta":[],"product_brand":[],"product_cat":[4184],"product_tag":[],"class_list":{"0":"post-126496","1":"product","2":"type-product","3":"status-publish","4":"has-post-thumbnail","6":"product_cat-hoodies-pullover","7":"pa_brand-jako","8":"pa_brand-type-sportswear","9":"pa_filter-color-blau","10":"pa_filter-color-grau","11":"pa_filter-color-gruen","12":"pa_filter-color-rot","13":"pa_filter-color-schwarz","15":"first","16":"instock","17":"sale","18":"taxable","19":"shipping-taxable","20":"purchasable","21":"product-type-variable","22":"add-to-wishlist-before_image"},"exclude_global_add_ons":[],"addons":[],"acf":[],"_links":{"self":[{"href":"https:\/\/shop.kustom.ch\/fr\/wp-json\/wp\/v2\/product\/126496"}],"collection":[{"href":"https:\/\/shop.kustom.ch\/fr\/wp-json\/wp\/v2\/product"}],"about":[{"href":"https:\/\/shop.kustom.ch\/fr\/wp-json\/wp\/v2\/types\/product"}],"wp:featuredmedia":[{"embeddable":true,"href":"https:\/\/shop.kustom.ch\/fr\/wp-json\/wp\/v2\/media\/126495"}],"wp:attachment":[{"href":"https:\/\/shop.kustom.ch\/fr\/wp-json\/wp\/v2\/media?parent=126496"}],"wp:term":[{"taxonomy":"product_brand","embeddable":true,"href":"https:\/\/shop.kustom.ch\/fr\/wp-json\/wp\/v2\/product_brand?post=126496"},{"taxonomy":"product_cat","embeddable":true,"href":"https:\/\/shop.kustom.ch\/fr\/wp-json\/wp\/v2\/product_cat?post=126496"},{"taxonomy":"product_tag","embeddable":true,"href":"https:\/\/shop.kustom.ch\/fr\/wp-json\/wp\/v2\/product_tag?post=126496"}],"curies":[{"name":"wp","href":"https:\/\/api.w.org\/{rel}","templated":true}]}}