{"id":125053,"date":"2024-03-21T19:18:23","date_gmt":"2024-03-21T18:18:23","guid":{"rendered":"https:\/\/kustomshop.kinsta.cloud\/produkt\/praesentationshose-team\/"},"modified":"2026-03-31T13:33:07","modified_gmt":"2026-03-31T12:33:07","slug":"praesentationshose-team","status":"publish","type":"product","link":"https:\/\/shop.kustom.ch\/fr\/produit\/praesentationshose-team\/","title":{"rendered":"Pantalon de pr\u00e9sentation Team"},"content":{"rendered":"<p>Poches lat\u00e9rales avec fermeture \u00e9clair<br \/>\nMat\u00e9riau \u00e9lastique sans doublure<br \/>\nCeinture \u00e9lastique en deux parties avec cordon de serrage<br \/>\nBas de jambe avec c\u00f4tes<br \/>\nMicro-serg\u00e9 stretch<br \/>\n100 % Polyester<\/p>","protected":false},"excerpt":{"rendered":"<p><span><\/span><\/p>","protected":false},"featured_media":125052,"template":"","meta":[],"product_brand":[],"product_cat":[4185],"product_tag":[],"class_list":{"0":"post-125053","1":"product","2":"type-product","3":"status-publish","4":"has-post-thumbnail","6":"product_cat-hosen","7":"pa_brand-jako","8":"pa_brand-type-sportswear","9":"pa_filter-color-blau","10":"pa_filter-color-schwarz","12":"first","13":"instock","14":"sale","15":"taxable","16":"shipping-taxable","17":"purchasable","18":"product-type-variable","19":"add-to-wishlist-before_image"},"exclude_global_add_ons":[],"addons":[],"acf":[],"_links":{"self":[{"href":"https:\/\/shop.kustom.ch\/fr\/wp-json\/wp\/v2\/product\/125053"}],"collection":[{"href":"https:\/\/shop.kustom.ch\/fr\/wp-json\/wp\/v2\/product"}],"about":[{"href":"https:\/\/shop.kustom.ch\/fr\/wp-json\/wp\/v2\/types\/product"}],"wp:featuredmedia":[{"embeddable":true,"href":"https:\/\/shop.kustom.ch\/fr\/wp-json\/wp\/v2\/media\/125052"}],"wp:attachment":[{"href":"https:\/\/shop.kustom.ch\/fr\/wp-json\/wp\/v2\/media?parent=125053"}],"wp:term":[{"taxonomy":"product_brand","embeddable":true,"href":"https:\/\/shop.kustom.ch\/fr\/wp-json\/wp\/v2\/product_brand?post=125053"},{"taxonomy":"product_cat","embeddable":true,"href":"https:\/\/shop.kustom.ch\/fr\/wp-json\/wp\/v2\/product_cat?post=125053"},{"taxonomy":"product_tag","embeddable":true,"href":"https:\/\/shop.kustom.ch\/fr\/wp-json\/wp\/v2\/product_tag?post=125053"}],"curies":[{"name":"wp","href":"https:\/\/api.w.org\/{rel}","templated":true}]}}