{"id":123579,"date":"2024-03-21T18:56:46","date_gmt":"2024-03-21T17:56:46","guid":{"rendered":"https:\/\/kustomshop.kinsta.cloud\/produkt\/2-in-1-short-power\/"},"modified":"2026-03-31T13:31:31","modified_gmt":"2026-03-31T12:31:31","slug":"2-in-1-short-power","status":"publish","type":"product","link":"https:\/\/shop.kustom.ch\/fr\/produit\/2-in-1-short-power\/","title":{"rendered":"2-en-1 Short Power"},"content":{"rendered":"<p>Poche lat\u00e9rale droite\u00a0<br \/>\nPoches lat\u00e9rales<br \/>\nInsert lat\u00e9ral en nid d'abeille<br \/>\nTaille \u00e9lastique avec le branding JAKO<br \/>\nPantalon int\u00e9rieur : 83 % polyester (recycl\u00e9), 17 % \u00e9lasthanne<br \/>\nPantalon ext\u00e9rieur : 100 Polyester % (recycl\u00e9)<\/p>","protected":false},"excerpt":{"rendered":"<p><span><\/span><\/p>","protected":false},"featured_media":123578,"template":"","meta":[],"product_brand":[],"product_cat":[4190],"product_tag":[],"class_list":{"0":"post-123579","1":"product","2":"type-product","3":"status-publish","4":"has-post-thumbnail","6":"product_cat-leggings","7":"pa_brand-jako","8":"pa_brand-type-sportswear","9":"pa_filter-color-blau","10":"pa_filter-color-gruen","11":"pa_filter-color-schwarz","13":"first","14":"instock","15":"sale","16":"taxable","17":"shipping-taxable","18":"purchasable","19":"product-type-variable","20":"add-to-wishlist-before_image"},"exclude_global_add_ons":[],"addons":[],"acf":[],"_links":{"self":[{"href":"https:\/\/shop.kustom.ch\/fr\/wp-json\/wp\/v2\/product\/123579"}],"collection":[{"href":"https:\/\/shop.kustom.ch\/fr\/wp-json\/wp\/v2\/product"}],"about":[{"href":"https:\/\/shop.kustom.ch\/fr\/wp-json\/wp\/v2\/types\/product"}],"wp:featuredmedia":[{"embeddable":true,"href":"https:\/\/shop.kustom.ch\/fr\/wp-json\/wp\/v2\/media\/123578"}],"wp:attachment":[{"href":"https:\/\/shop.kustom.ch\/fr\/wp-json\/wp\/v2\/media?parent=123579"}],"wp:term":[{"taxonomy":"product_brand","embeddable":true,"href":"https:\/\/shop.kustom.ch\/fr\/wp-json\/wp\/v2\/product_brand?post=123579"},{"taxonomy":"product_cat","embeddable":true,"href":"https:\/\/shop.kustom.ch\/fr\/wp-json\/wp\/v2\/product_cat?post=123579"},{"taxonomy":"product_tag","embeddable":true,"href":"https:\/\/shop.kustom.ch\/fr\/wp-json\/wp\/v2\/product_tag?post=123579"}],"curies":[{"name":"wp","href":"https:\/\/api.w.org\/{rel}","templated":true}]}}