{"id":118986,"date":"2024-03-21T17:57:40","date_gmt":"2024-03-21T16:57:40","guid":{"rendered":"https:\/\/kustomshop.kinsta.cloud\/produkt\/kompressionsstrumpf-comfort\/"},"modified":"2026-03-31T13:25:36","modified_gmt":"2026-03-31T12:25:36","slug":"kompressionsstrumpf-comfort","status":"publish","type":"product","link":"https:\/\/shop.kustom.ch\/fr\/produit\/kompressionsstrumpf-comfort\/","title":{"rendered":"Bas de compression Comfort"},"content":{"rendered":"<p>Acc\u00e9l\u00e8re la r\u00e9cup\u00e9ration musculaire<br \/>\nAm\u00e9liore les performances sportives<br \/>\nOffre un maximum de confort et de bien-\u00eatre<br \/>\n93 % polyamide, 7 % \u00e9lasthanne<br \/>\nMicrolon\u00ae Polyamide<\/p>","protected":false},"excerpt":{"rendered":"<p><span><\/span><\/p>","protected":false},"featured_media":118985,"template":"","meta":[],"product_brand":[],"product_cat":[4199],"product_tag":[],"class_list":{"0":"post-118986","1":"product","2":"type-product","3":"status-publish","4":"has-post-thumbnail","6":"product_cat-socken","7":"pa_brand-jako","8":"pa_brand-type-sportswear","9":"pa_filter-color-schwarz","10":"pa_filter-color-weiss","12":"first","13":"instock","14":"sale","15":"taxable","16":"shipping-taxable","17":"purchasable","18":"product-type-variable","19":"add-to-wishlist-before_image"},"exclude_global_add_ons":[],"addons":[],"acf":[],"_links":{"self":[{"href":"https:\/\/shop.kustom.ch\/fr\/wp-json\/wp\/v2\/product\/118986"}],"collection":[{"href":"https:\/\/shop.kustom.ch\/fr\/wp-json\/wp\/v2\/product"}],"about":[{"href":"https:\/\/shop.kustom.ch\/fr\/wp-json\/wp\/v2\/types\/product"}],"wp:featuredmedia":[{"embeddable":true,"href":"https:\/\/shop.kustom.ch\/fr\/wp-json\/wp\/v2\/media\/118985"}],"wp:attachment":[{"href":"https:\/\/shop.kustom.ch\/fr\/wp-json\/wp\/v2\/media?parent=118986"}],"wp:term":[{"taxonomy":"product_brand","embeddable":true,"href":"https:\/\/shop.kustom.ch\/fr\/wp-json\/wp\/v2\/product_brand?post=118986"},{"taxonomy":"product_cat","embeddable":true,"href":"https:\/\/shop.kustom.ch\/fr\/wp-json\/wp\/v2\/product_cat?post=118986"},{"taxonomy":"product_tag","embeddable":true,"href":"https:\/\/shop.kustom.ch\/fr\/wp-json\/wp\/v2\/product_tag?post=118986"}],"curies":[{"name":"wp","href":"https:\/\/api.w.org\/{rel}","templated":true}]}}