{"id":117617,"date":"2024-03-21T17:37:56","date_gmt":"2024-03-21T16:37:56","guid":{"rendered":"https:\/\/kustomshop.kinsta.cloud\/produkt\/schuhtasche-jako\/"},"modified":"2026-03-31T13:23:52","modified_gmt":"2026-03-31T12:23:52","slug":"schuhtasche-jako","status":"publish","type":"product","link":"https:\/\/shop.kustom.ch\/fr\/produit\/schuhtasche-jako\/","title":{"rendered":"Sac \u00e0 chaussures JAKO"},"content":{"rendered":"<p>Compartiment principal avec fermeture \u00e9clair \u00e0 double sens<br \/>\nPour 1-2 paires de chaussures<br \/>\nBoucle pour porter ou suspendre<br \/>\n20 x 15 x 37 cm (L x l x H)<br \/>\nPolyester 600 D<br \/>\n100 % Polyester<\/p>","protected":false},"excerpt":{"rendered":"<p><span><\/span><\/p>","protected":false},"featured_media":117616,"template":"","meta":[],"product_brand":[],"product_cat":[9643,4195],"product_tag":[],"class_list":{"0":"post-117617","1":"product","2":"type-product","3":"status-publish","4":"has-post-thumbnail","6":"product_cat-equipment","7":"product_cat-rucksaecke-taschen","8":"pa_brand-jako","9":"pa_brand-type-sportswear","10":"pa_filter-color-schwarz","12":"first","13":"instock","14":"sale","15":"taxable","16":"shipping-taxable","17":"purchasable","18":"product-type-variable","19":"add-to-wishlist-before_image"},"exclude_global_add_ons":[],"addons":[],"acf":[],"_links":{"self":[{"href":"https:\/\/shop.kustom.ch\/fr\/wp-json\/wp\/v2\/product\/117617"}],"collection":[{"href":"https:\/\/shop.kustom.ch\/fr\/wp-json\/wp\/v2\/product"}],"about":[{"href":"https:\/\/shop.kustom.ch\/fr\/wp-json\/wp\/v2\/types\/product"}],"wp:featuredmedia":[{"embeddable":true,"href":"https:\/\/shop.kustom.ch\/fr\/wp-json\/wp\/v2\/media\/117616"}],"wp:attachment":[{"href":"https:\/\/shop.kustom.ch\/fr\/wp-json\/wp\/v2\/media?parent=117617"}],"wp:term":[{"taxonomy":"product_brand","embeddable":true,"href":"https:\/\/shop.kustom.ch\/fr\/wp-json\/wp\/v2\/product_brand?post=117617"},{"taxonomy":"product_cat","embeddable":true,"href":"https:\/\/shop.kustom.ch\/fr\/wp-json\/wp\/v2\/product_cat?post=117617"},{"taxonomy":"product_tag","embeddable":true,"href":"https:\/\/shop.kustom.ch\/fr\/wp-json\/wp\/v2\/product_tag?post=117617"}],"curies":[{"name":"wp","href":"https:\/\/api.w.org\/{rel}","templated":true}]}}