{"id":116479,"date":"2024-03-21T17:23:55","date_gmt":"2024-03-21T16:23:55","guid":{"rendered":"https:\/\/kustomshop.kinsta.cloud\/produkt\/ziptop-organic\/"},"modified":"2026-03-31T15:24:29","modified_gmt":"2026-03-31T14:24:29","slug":"ziptop-organic","status":"publish","type":"product","link":"https:\/\/shop.kustom.ch\/fr\/produit\/ziptop-organic\/","title":{"rendered":"D\u00e9bardeur Organic"},"content":{"rendered":"<p>Coton issu de l'agriculture biologique contr\u00f4l\u00e9e<br \/>\nlavable \u00e0 60 \u00b0C<br \/>\nPr\u00e9trait\u00e9 au rodage<br \/>\nSweat avec int\u00e9rieur doux et gratt\u00e9<br \/>\nfermeture \u00e9clair 1\/4 avant<br \/>\nhaut et bas des manches en bord-c\u00f4te<br \/>\nCoutures d'\u00e9paules renforc\u00e9es<br \/>\n\u00e9tiquette de taille JAKO dans la nuque<br \/>\n\u00e9tiquette plate JAKO sur la couture lat\u00e9rale gauche<br \/>\n70 % coton (bio), 30 % polyester (recycl\u00e9)<br \/>\nTeinte 520 : 65 % coton (bio), 30 % polyester (recycl\u00e9), 5 % viscose<br \/>\n300 g\/m<\/p>","protected":false},"excerpt":{"rendered":"<p><span><\/span><\/p>","protected":false},"featured_media":116478,"template":"","meta":[],"product_brand":[],"product_cat":[4184],"product_tag":[],"class_list":{"0":"post-116479","1":"product","2":"type-product","3":"status-publish","4":"has-post-thumbnail","6":"product_cat-hoodies-pullover","7":"pa_brand-jako","8":"pa_brand-type-workwear","9":"pa_filter-color-beige","10":"pa_filter-color-blau","11":"pa_filter-color-grau","12":"pa_filter-color-gruen","13":"pa_filter-color-rot","14":"pa_filter-color-schwarz","16":"first","17":"instock","18":"sale","19":"taxable","20":"shipping-taxable","21":"purchasable","22":"product-type-variable","23":"add-to-wishlist-before_image"},"exclude_global_add_ons":[],"addons":[],"acf":[],"_links":{"self":[{"href":"https:\/\/shop.kustom.ch\/fr\/wp-json\/wp\/v2\/product\/116479"}],"collection":[{"href":"https:\/\/shop.kustom.ch\/fr\/wp-json\/wp\/v2\/product"}],"about":[{"href":"https:\/\/shop.kustom.ch\/fr\/wp-json\/wp\/v2\/types\/product"}],"wp:featuredmedia":[{"embeddable":true,"href":"https:\/\/shop.kustom.ch\/fr\/wp-json\/wp\/v2\/media\/116478"}],"wp:attachment":[{"href":"https:\/\/shop.kustom.ch\/fr\/wp-json\/wp\/v2\/media?parent=116479"}],"wp:term":[{"taxonomy":"product_brand","embeddable":true,"href":"https:\/\/shop.kustom.ch\/fr\/wp-json\/wp\/v2\/product_brand?post=116479"},{"taxonomy":"product_cat","embeddable":true,"href":"https:\/\/shop.kustom.ch\/fr\/wp-json\/wp\/v2\/product_cat?post=116479"},{"taxonomy":"product_tag","embeddable":true,"href":"https:\/\/shop.kustom.ch\/fr\/wp-json\/wp\/v2\/product_tag?post=116479"}],"curies":[{"name":"wp","href":"https:\/\/api.w.org\/{rel}","templated":true}]}}