{"id":116461,"date":"2024-03-21T17:23:40","date_gmt":"2024-03-21T16:23:40","guid":{"rendered":"https:\/\/kustomshop.kinsta.cloud\/produkt\/funktionsshort-work\/"},"modified":"2026-03-31T15:24:20","modified_gmt":"2026-03-31T14:24:20","slug":"funktionsshort-work","status":"publish","type":"product","link":"https:\/\/shop.kustom.ch\/fr\/produit\/funktionsshort-work\/","title":{"rendered":"Short fonctionnel Work"},"content":{"rendered":"<p>En mati\u00e8re \u00e9lastique, r\u00e9sistante et respirante 4-way stretch<br \/>\nlavable \u00e0 40 \u00b0C<br \/>\nCoupe ergonomique<br \/>\nPoches pour cutters ou stylos<br \/>\nPoches lat\u00e9rales avec fermeture \u00e9clair<br \/>\nPoche pour t\u00e9l\u00e9phone portable avec fermeture velcro<br \/>\nPoche arri\u00e8re plaqu\u00e9e avec fermeture velcro<br \/>\n\u00c9l\u00e9ments r\u00e9fl\u00e9chissants<br \/>\nceinture avec bouton-pression, crochet et fermeture \u00e9clair<br \/>\nPassants de ceinture<br \/>\n\u00e9tiquette plate JAKO sur la couture arri\u00e8re<br \/>\n90 % polyamide, 10 % \u00e9lasthanne<br \/>\n175 g\/m\u00b2 de mat\u00e9riau principal, 197 g\/m\u00b2 de mat\u00e9riau d'insertion<\/p>","protected":false},"excerpt":{"rendered":"<p><span><\/span><\/p>","protected":false},"featured_media":116460,"template":"","meta":[],"product_brand":[],"product_cat":[4198],"product_tag":[],"class_list":{"0":"post-116461","1":"product","2":"type-product","3":"status-publish","4":"has-post-thumbnail","6":"product_cat-shorts","7":"pa_brand-jako","8":"pa_brand-type-workwear","9":"pa_filter-color-schwarz","11":"first","12":"instock","13":"sale","14":"taxable","15":"shipping-taxable","16":"purchasable","17":"product-type-variable","18":"add-to-wishlist-before_image"},"exclude_global_add_ons":[],"addons":[],"acf":[],"_links":{"self":[{"href":"https:\/\/shop.kustom.ch\/fr\/wp-json\/wp\/v2\/product\/116461"}],"collection":[{"href":"https:\/\/shop.kustom.ch\/fr\/wp-json\/wp\/v2\/product"}],"about":[{"href":"https:\/\/shop.kustom.ch\/fr\/wp-json\/wp\/v2\/types\/product"}],"wp:featuredmedia":[{"embeddable":true,"href":"https:\/\/shop.kustom.ch\/fr\/wp-json\/wp\/v2\/media\/116460"}],"wp:attachment":[{"href":"https:\/\/shop.kustom.ch\/fr\/wp-json\/wp\/v2\/media?parent=116461"}],"wp:term":[{"taxonomy":"product_brand","embeddable":true,"href":"https:\/\/shop.kustom.ch\/fr\/wp-json\/wp\/v2\/product_brand?post=116461"},{"taxonomy":"product_cat","embeddable":true,"href":"https:\/\/shop.kustom.ch\/fr\/wp-json\/wp\/v2\/product_cat?post=116461"},{"taxonomy":"product_tag","embeddable":true,"href":"https:\/\/shop.kustom.ch\/fr\/wp-json\/wp\/v2\/product_tag?post=116461"}],"curies":[{"name":"wp","href":"https:\/\/api.w.org\/{rel}","templated":true}]}}