{"id":115872,"date":"2024-03-21T17:16:49","date_gmt":"2024-03-21T16:16:49","guid":{"rendered":"https:\/\/kustomshop.kinsta.cloud\/produkt\/kapuzensweat-organic\/"},"modified":"2026-03-31T15:23:34","modified_gmt":"2026-03-31T14:23:34","slug":"kapuzensweat-organic","status":"publish","type":"product","link":"https:\/\/shop.kustom.ch\/fr\/produit\/kapuzensweat-organic\/","title":{"rendered":"Sweat \u00e0 capuche Organic"},"content":{"rendered":"<p>Coton issu de l'agriculture biologique contr\u00f4l\u00e9e<br \/>\nlavable \u00e0 60 \u00b0C<br \/>\nPr\u00e9trait\u00e9 au rodage<br \/>\nSweat avec int\u00e9rieur doux et gratt\u00e9<br \/>\nCapuche avec int\u00e9rieur en jersey simple<br \/>\nSans cordons pour les tailles enfants<br \/>\nCordons avec \u0153illets et extr\u00e9mit\u00e9s m\u00e9talliques<br \/>\nBords sweat et manches en c\u00f4te<br \/>\nPoche plaqu\u00e9e<br \/>\nCoutures d'\u00e9paules renforc\u00e9es<br \/>\n\u00e9tiquette de taille JAKO dans la nuque<br \/>\n\u00e9tiquette plate JAKO sur la couture lat\u00e9rale gauche<br \/>\n70 % coton (bio), 30 % polyester (recycl\u00e9)<br \/>\nTeinte 520 : 65 % coton (bio), 30 % polyester (recycl\u00e9), 5 % viscose<br \/>\n300 g\/m<\/p>","protected":false},"excerpt":{"rendered":"<p>Baumwolle aus kontrolliert biologischem Anbau 60 \u00b0C waschbar Einlaufvorbehandelt Sweat mit weich angerauter Innenseite Kapuze mit Single-Jersey Innenseite Ohne Kordeln bei Kindergr\u00f6ssen Kordeln mit Metall\u00f6sen und Metallenden Sweat- und \u00c4rmelabschluss mit Ripp Aufgesetzte Tasche Verst\u00e4rkte Schultern\u00e4hte JAKO Gr\u00f6ssenlabel im Nacken JAKO Flaglabel an der linken Seitennaht 70 % Baumwolle (Bio), 30 % Polyester (recycelt) Fb. [&hellip;]<\/p>\n","protected":false},"featured_media":245881,"template":"","meta":[],"product_brand":[],"product_cat":[4184],"product_tag":[],"class_list":{"0":"post-115872","1":"product","2":"type-product","3":"status-publish","4":"has-post-thumbnail","6":"product_cat-hoodies-pullover","7":"pa_brand-jako","8":"pa_brand-type-workwear","9":"pa_filter-color-beige","10":"pa_filter-color-blau","11":"pa_filter-color-grau","12":"pa_filter-color-gruen","13":"pa_filter-color-rot","14":"pa_filter-color-schwarz","15":"pa_filter-color-weiss","17":"first","18":"instock","19":"sale","20":"taxable","21":"shipping-taxable","22":"purchasable","23":"product-type-variable","24":"add-to-wishlist-before_image"},"exclude_global_add_ons":[],"addons":[],"acf":[],"_links":{"self":[{"href":"https:\/\/shop.kustom.ch\/fr\/wp-json\/wp\/v2\/product\/115872"}],"collection":[{"href":"https:\/\/shop.kustom.ch\/fr\/wp-json\/wp\/v2\/product"}],"about":[{"href":"https:\/\/shop.kustom.ch\/fr\/wp-json\/wp\/v2\/types\/product"}],"wp:featuredmedia":[{"embeddable":true,"href":"https:\/\/shop.kustom.ch\/fr\/wp-json\/wp\/v2\/media\/245881"}],"wp:attachment":[{"href":"https:\/\/shop.kustom.ch\/fr\/wp-json\/wp\/v2\/media?parent=115872"}],"wp:term":[{"taxonomy":"product_brand","embeddable":true,"href":"https:\/\/shop.kustom.ch\/fr\/wp-json\/wp\/v2\/product_brand?post=115872"},{"taxonomy":"product_cat","embeddable":true,"href":"https:\/\/shop.kustom.ch\/fr\/wp-json\/wp\/v2\/product_cat?post=115872"},{"taxonomy":"product_tag","embeddable":true,"href":"https:\/\/shop.kustom.ch\/fr\/wp-json\/wp\/v2\/product_tag?post=115872"}],"curies":[{"name":"wp","href":"https:\/\/api.w.org\/{rel}","templated":true}]}}