{"id":115768,"date":"2024-03-21T17:15:29","date_gmt":"2024-03-21T16:15:29","guid":{"rendered":"https:\/\/kustomshop.kinsta.cloud\/produkt\/longsleeve-organic\/"},"modified":"2026-03-31T15:23:13","modified_gmt":"2026-03-31T14:23:13","slug":"longsleeve-organic","status":"publish","type":"product","link":"https:\/\/shop.kustom.ch\/fr\/produit\/longsleeve-organic\/","title":{"rendered":"T-shirt \u00e0 manches longues Organic"},"content":{"rendered":"<p>Coton issu de l'agriculture biologique contr\u00f4l\u00e9e<br \/>\nlavable \u00e0 60 \u00b0C<br \/>\nPr\u00e9trait\u00e9 au rodage<br \/>\ncol rond avec empi\u00e8cement c\u00f4tel\u00e9<br \/>\nCoutures d'\u00e9paules renforc\u00e9es<br \/>\n\u00e9tiquette de taille JAKO dans la nuque<br \/>\n\u00e9tiquette plate JAKO sur la couture lat\u00e9rale gauche<br \/>\nJersey simple<br \/>\n100 % Coton (biologique)<br \/>\n200 g\/m\u00b2 (1,5 lb)<\/p>","protected":false},"excerpt":{"rendered":"<p><span><\/span><\/p>","protected":false},"featured_media":115767,"template":"","meta":[],"product_brand":[],"product_cat":[4191],"product_tag":[],"class_list":{"0":"post-115768","1":"product","2":"type-product","3":"status-publish","4":"has-post-thumbnail","6":"product_cat-longsleeves-sweatshirts","7":"pa_brand-jako","8":"pa_brand-type-workwear","9":"pa_filter-color-blau","10":"pa_filter-color-grau","11":"pa_filter-color-rot","12":"pa_filter-color-schwarz","13":"pa_filter-color-weiss","15":"first","16":"instock","17":"sale","18":"taxable","19":"shipping-taxable","20":"purchasable","21":"product-type-variable","22":"add-to-wishlist-before_image"},"exclude_global_add_ons":[],"addons":[],"acf":[],"_links":{"self":[{"href":"https:\/\/shop.kustom.ch\/fr\/wp-json\/wp\/v2\/product\/115768"}],"collection":[{"href":"https:\/\/shop.kustom.ch\/fr\/wp-json\/wp\/v2\/product"}],"about":[{"href":"https:\/\/shop.kustom.ch\/fr\/wp-json\/wp\/v2\/types\/product"}],"wp:featuredmedia":[{"embeddable":true,"href":"https:\/\/shop.kustom.ch\/fr\/wp-json\/wp\/v2\/media\/115767"}],"wp:attachment":[{"href":"https:\/\/shop.kustom.ch\/fr\/wp-json\/wp\/v2\/media?parent=115768"}],"wp:term":[{"taxonomy":"product_brand","embeddable":true,"href":"https:\/\/shop.kustom.ch\/fr\/wp-json\/wp\/v2\/product_brand?post=115768"},{"taxonomy":"product_cat","embeddable":true,"href":"https:\/\/shop.kustom.ch\/fr\/wp-json\/wp\/v2\/product_cat?post=115768"},{"taxonomy":"product_tag","embeddable":true,"href":"https:\/\/shop.kustom.ch\/fr\/wp-json\/wp\/v2\/product_tag?post=115768"}],"curies":[{"name":"wp","href":"https:\/\/api.w.org\/{rel}","templated":true}]}}