{"id":114445,"date":"2024-03-21T17:00:35","date_gmt":"2024-03-21T16:00:35","guid":{"rendered":"https:\/\/kustomshop.kinsta.cloud\/produkt\/sporttasche\/"},"modified":"2026-03-31T15:20:45","modified_gmt":"2026-03-31T14:20:45","slug":"sporttasche","status":"publish","type":"product","link":"https:\/\/shop.kustom.ch\/fr\/produit\/sporttasche\/","title":{"rendered":"Sac de sport"},"content":{"rendered":"<p>Compartiment principal spacieux avec fermeture \u00e9clair bidirectionnelle sur le pourtour<br \/>\npoche zipp\u00e9e sur le c\u00f4t\u00e9 gauche<br \/>\nPoche humide profonde avec fermeture \u00e9clair sur le c\u00f4t\u00e9 droit<br \/>\nPetite poche zipp\u00e9e sur le devant<br \/>\nPetite poche int\u00e9rieure zipp\u00e9e dans le compartiment principal<br \/>\nbandouli\u00e8re amovible et r\u00e9glable en taille<br \/>\nLogo JAKO dans la couleur principale<br \/>\nId\u00e9al pour la finition<br \/>\nPolyester 600 D<br \/>\n100 % Polyester<\/p>","protected":false},"excerpt":{"rendered":"<p>Ger\u00e4umiges Hauptfach mit umlaufendem 2-Wege-Reissverschluss Reissverschlussfach auf der linken Seite Tiefes Nassfach mit Reissverschluss auf der rechten Seite Kleine Reissverschlusstasche an der Vorderseite Kleine Innentasche mit Reissverschluss im Hauptfach Gr\u00f6ssenverstellbarer, abnehmbarer Schultergurt JAKO Logo in Hauptfarbe Ideal zum Veredeln Polyester 600 D 100 % Polyester<\/p>","protected":false},"featured_media":0,"template":"","meta":[],"product_brand":[],"product_cat":[9643,4195],"product_tag":[],"class_list":{"0":"post-114445","1":"product","2":"type-product","3":"status-publish","5":"product_cat-equipment","6":"product_cat-rucksaecke-taschen","7":"pa_brand-jako","8":"pa_brand-type-workwear","9":"pa_filter-color-schwarz","11":"first","12":"instock","13":"sale","14":"taxable","15":"shipping-taxable","16":"purchasable","17":"product-type-variable","18":"add-to-wishlist-before_image"},"exclude_global_add_ons":[],"addons":[],"acf":[],"_links":{"self":[{"href":"https:\/\/shop.kustom.ch\/fr\/wp-json\/wp\/v2\/product\/114445"}],"collection":[{"href":"https:\/\/shop.kustom.ch\/fr\/wp-json\/wp\/v2\/product"}],"about":[{"href":"https:\/\/shop.kustom.ch\/fr\/wp-json\/wp\/v2\/types\/product"}],"wp:attachment":[{"href":"https:\/\/shop.kustom.ch\/fr\/wp-json\/wp\/v2\/media?parent=114445"}],"wp:term":[{"taxonomy":"product_brand","embeddable":true,"href":"https:\/\/shop.kustom.ch\/fr\/wp-json\/wp\/v2\/product_brand?post=114445"},{"taxonomy":"product_cat","embeddable":true,"href":"https:\/\/shop.kustom.ch\/fr\/wp-json\/wp\/v2\/product_cat?post=114445"},{"taxonomy":"product_tag","embeddable":true,"href":"https:\/\/shop.kustom.ch\/fr\/wp-json\/wp\/v2\/product_tag?post=114445"}],"curies":[{"name":"wp","href":"https:\/\/api.w.org\/{rel}","templated":true}]}}