{"id":114443,"date":"2024-03-21T17:00:30","date_gmt":"2024-03-21T16:00:30","guid":{"rendered":"https:\/\/kustomshop.kinsta.cloud\/produkt\/gymsack\/"},"modified":"2026-03-31T15:20:43","modified_gmt":"2026-03-31T14:20:43","slug":"gymsack","status":"publish","type":"product","link":"https:\/\/shop.kustom.ch\/fr\/produit\/gymsack\/","title":{"rendered":"Sac de sport"},"content":{"rendered":"<p>Se porte \u00e0 l'\u00e9paule ou dans le dos \u00e0 l'aide d'une cordelette<br \/>\nLogo JAKO dans la couleur principale<br \/>\nId\u00e9al pour la finition<br \/>\nPolyester 600 D<br \/>\n100 % Polyester<\/p>","protected":false},"excerpt":{"rendered":"<p>Mit Kordel \u00fcber der Schulter oder auf dem R\u00fccken zu tragen JAKO Logo in Hauptfarbe Ideal zum Veredeln Polyester 600 D 100 % Polyester<\/p>","protected":false},"featured_media":0,"template":"","meta":[],"product_brand":[],"product_cat":[9643,4195],"product_tag":[],"class_list":{"0":"post-114443","1":"product","2":"type-product","3":"status-publish","5":"product_cat-equipment","6":"product_cat-rucksaecke-taschen","7":"pa_brand-jako","8":"pa_brand-type-workwear","9":"pa_filter-color-schwarz","11":"first","12":"instock","13":"sale","14":"taxable","15":"shipping-taxable","16":"purchasable","17":"product-type-variable","18":"add-to-wishlist-before_image"},"exclude_global_add_ons":[],"addons":[],"acf":[],"_links":{"self":[{"href":"https:\/\/shop.kustom.ch\/fr\/wp-json\/wp\/v2\/product\/114443"}],"collection":[{"href":"https:\/\/shop.kustom.ch\/fr\/wp-json\/wp\/v2\/product"}],"about":[{"href":"https:\/\/shop.kustom.ch\/fr\/wp-json\/wp\/v2\/types\/product"}],"wp:attachment":[{"href":"https:\/\/shop.kustom.ch\/fr\/wp-json\/wp\/v2\/media?parent=114443"}],"wp:term":[{"taxonomy":"product_brand","embeddable":true,"href":"https:\/\/shop.kustom.ch\/fr\/wp-json\/wp\/v2\/product_brand?post=114443"},{"taxonomy":"product_cat","embeddable":true,"href":"https:\/\/shop.kustom.ch\/fr\/wp-json\/wp\/v2\/product_cat?post=114443"},{"taxonomy":"product_tag","embeddable":true,"href":"https:\/\/shop.kustom.ch\/fr\/wp-json\/wp\/v2\/product_tag?post=114443"}],"curies":[{"name":"wp","href":"https:\/\/api.w.org\/{rel}","templated":true}]}}