{"id":114326,"date":"2024-03-21T16:59:07","date_gmt":"2024-03-21T15:59:07","guid":{"rendered":"https:\/\/kustomshop.kinsta.cloud\/produkt\/jacke-pro-casual\/"},"modified":"2026-03-31T15:20:36","modified_gmt":"2026-03-31T14:20:36","slug":"jacke-pro-casual","status":"publish","type":"product","link":"https:\/\/shop.kustom.ch\/fr\/produit\/jacke-pro-casual\/","title":{"rendered":"Veste Pro Casual"},"content":{"rendered":"<p>fermeture \u00e9clair avec le branding JAKO<br \/>\nBranding JAKO tonique sur la manche droite<br \/>\nPoches lat\u00e9rales<br \/>\nPoche lat\u00e9rale suppl\u00e9mentaire avec fermeture \u00e9clair cach\u00e9e<br \/>\nCoupe sportive<br \/>\nPoign\u00e9e douce<br \/>\nLabel Teamline<br \/>\nPolyester soft double face<br \/>\n77 % polyester (46 % recycl\u00e9), 18 % viscose, 5 % \u00e9lasthanne<br \/>\n300 g\/m<\/p>","protected":false},"excerpt":{"rendered":"<p>Reissverschluss mit JAKO Branding Tonales JAKO Branding auf dem rechten \u00c4rmel Seitentaschen Zus\u00e4tzliche Seitentasche mit verdecktem Reissverschluss Sportiver Schnitt Weicher Griff Teamline Label Soft-Doubleface-Polyester 77 % Polyester (46 % recycelt), 18 % Viskose, 5 % Elasthan 300 g\/m\u00b2<\/p>","protected":false},"featured_media":245948,"template":"","meta":[],"product_brand":[],"product_cat":[4186],"product_tag":[],"class_list":{"0":"post-114326","1":"product","2":"type-product","3":"status-publish","4":"has-post-thumbnail","6":"product_cat-jacken","7":"pa_brand-jako","8":"pa_brand-type-sportswear","9":"pa_filter-color-beige","10":"pa_filter-color-blau","11":"pa_filter-color-grau","12":"pa_filter-color-rot","13":"pa_filter-color-schwarz","14":"pa_filter-color-weiss","16":"first","17":"instock","18":"sale","19":"taxable","20":"shipping-taxable","21":"purchasable","22":"product-type-variable","23":"add-to-wishlist-before_image"},"exclude_global_add_ons":[],"addons":[],"acf":[],"_links":{"self":[{"href":"https:\/\/shop.kustom.ch\/fr\/wp-json\/wp\/v2\/product\/114326"}],"collection":[{"href":"https:\/\/shop.kustom.ch\/fr\/wp-json\/wp\/v2\/product"}],"about":[{"href":"https:\/\/shop.kustom.ch\/fr\/wp-json\/wp\/v2\/types\/product"}],"wp:featuredmedia":[{"embeddable":true,"href":"https:\/\/shop.kustom.ch\/fr\/wp-json\/wp\/v2\/media\/245948"}],"wp:attachment":[{"href":"https:\/\/shop.kustom.ch\/fr\/wp-json\/wp\/v2\/media?parent=114326"}],"wp:term":[{"taxonomy":"product_brand","embeddable":true,"href":"https:\/\/shop.kustom.ch\/fr\/wp-json\/wp\/v2\/product_brand?post=114326"},{"taxonomy":"product_cat","embeddable":true,"href":"https:\/\/shop.kustom.ch\/fr\/wp-json\/wp\/v2\/product_cat?post=114326"},{"taxonomy":"product_tag","embeddable":true,"href":"https:\/\/shop.kustom.ch\/fr\/wp-json\/wp\/v2\/product_tag?post=114326"}],"curies":[{"name":"wp","href":"https:\/\/api.w.org\/{rel}","templated":true}]}}