{"id":112756,"date":"2024-03-21T16:41:58","date_gmt":"2024-03-21T15:41:58","guid":{"rendered":"https:\/\/kustomshop.kinsta.cloud\/produkt\/polo-pro-casual\/"},"modified":"2026-03-31T15:16:59","modified_gmt":"2026-03-31T14:16:59","slug":"polo-pro-casual","status":"publish","type":"product","link":"https:\/\/shop.kustom.ch\/fr\/produit\/polo-pro-casual\/","title":{"rendered":"Polo Pro Casual"},"content":{"rendered":"<p>fermeture \u00e9clair avec le branding JAKO<br \/>\nBranding JAKO tonique sur la manche droite<br \/>\nPoign\u00e9e douce<br \/>\nFente de la couture lat\u00e9rale<br \/>\nDos rallong\u00e9<br \/>\nLabel Teamline<br \/>\nJersey stretch en polyester<br \/>\n90 % polyester (72 % recycl\u00e9), 10 % \u00e9lasthanne<br \/>\n170 g\/m<\/p>","protected":false},"excerpt":{"rendered":"<p>Reissverschluss mit JAKO Branding Tonales JAKO Branding auf dem rechten \u00c4rmel Weicher Griff Seitennaht-Schlitz Verl\u00e4ngerter R\u00fccken Teamline Label Polyester-Stretch-Jersey 90 % Polyester (72 % recycelt), 10 % Elasthan 170 g\/m\u00b2<\/p>","protected":false},"featured_media":245868,"template":"","meta":[],"product_brand":[],"product_cat":[4193],"product_tag":[],"class_list":{"0":"post-112756","1":"product","2":"type-product","3":"status-publish","4":"has-post-thumbnail","6":"product_cat-polos","7":"pa_brand-jako","8":"pa_brand-type-sportswear","9":"pa_filter-color-beige","10":"pa_filter-color-blau","11":"pa_filter-color-grau","12":"pa_filter-color-rot","13":"pa_filter-color-schwarz","14":"pa_filter-color-weiss","16":"first","17":"instock","18":"sale","19":"taxable","20":"shipping-taxable","21":"purchasable","22":"product-type-variable","23":"add-to-wishlist-before_image"},"exclude_global_add_ons":[],"addons":[],"acf":[],"_links":{"self":[{"href":"https:\/\/shop.kustom.ch\/fr\/wp-json\/wp\/v2\/product\/112756"}],"collection":[{"href":"https:\/\/shop.kustom.ch\/fr\/wp-json\/wp\/v2\/product"}],"about":[{"href":"https:\/\/shop.kustom.ch\/fr\/wp-json\/wp\/v2\/types\/product"}],"wp:featuredmedia":[{"embeddable":true,"href":"https:\/\/shop.kustom.ch\/fr\/wp-json\/wp\/v2\/media\/245868"}],"wp:attachment":[{"href":"https:\/\/shop.kustom.ch\/fr\/wp-json\/wp\/v2\/media?parent=112756"}],"wp:term":[{"taxonomy":"product_brand","embeddable":true,"href":"https:\/\/shop.kustom.ch\/fr\/wp-json\/wp\/v2\/product_brand?post=112756"},{"taxonomy":"product_cat","embeddable":true,"href":"https:\/\/shop.kustom.ch\/fr\/wp-json\/wp\/v2\/product_cat?post=112756"},{"taxonomy":"product_tag","embeddable":true,"href":"https:\/\/shop.kustom.ch\/fr\/wp-json\/wp\/v2\/product_tag?post=112756"}],"curies":[{"name":"wp","href":"https:\/\/api.w.org\/{rel}","templated":true}]}}