{"id":111542,"date":"2024-03-21T16:28:13","date_gmt":"2024-03-21T15:28:13","guid":{"rendered":"https:\/\/kustomshop.kinsta.cloud\/produkt\/jakolette-locker\/"},"modified":"2026-03-31T15:14:26","modified_gmt":"2026-03-31T14:14:26","slug":"jakolette-locker","status":"publish","type":"product","link":"https:\/\/shop.kustom.ch\/fr\/produit\/jakolette-locker\/","title":{"rendered":"Jakolette Locker"},"content":{"rendered":"<p>Sandale de douche avec vo\u00fbte plantaire pr\u00e9form\u00e9e<br \/>\nTissu ext\u00e9rieur \u00e0 s\u00e9chage rapide<br \/>\nSemelle antid\u00e9rapante<br \/>\nAvec fermeture velcro<br \/>\nId\u00e9al pour la finition<\/p>","protected":false},"excerpt":{"rendered":"<p>Duschsandale mit vorgeformtem Fussbett Schnelltrocknendes Obermaterial Rutschfeste Sohle Mit Klettverschluss Ideal zum Veredeln<\/p>","protected":false},"featured_media":245804,"template":"","meta":[],"product_brand":[],"product_cat":[9643,4197],"product_tag":[],"class_list":{"0":"post-111542","1":"product","2":"type-product","3":"status-publish","4":"has-post-thumbnail","6":"product_cat-equipment","7":"product_cat-schuhe-sandalen","8":"pa_brand-jako","9":"pa_brand-type-sportswear","10":"pa_filter-color-blau","11":"pa_filter-color-rot","12":"pa_filter-color-schwarz","14":"first","15":"instock","16":"sale","17":"taxable","18":"shipping-taxable","19":"purchasable","20":"product-type-variable","21":"add-to-wishlist-before_image"},"exclude_global_add_ons":[],"addons":[],"acf":[],"_links":{"self":[{"href":"https:\/\/shop.kustom.ch\/fr\/wp-json\/wp\/v2\/product\/111542"}],"collection":[{"href":"https:\/\/shop.kustom.ch\/fr\/wp-json\/wp\/v2\/product"}],"about":[{"href":"https:\/\/shop.kustom.ch\/fr\/wp-json\/wp\/v2\/types\/product"}],"wp:featuredmedia":[{"embeddable":true,"href":"https:\/\/shop.kustom.ch\/fr\/wp-json\/wp\/v2\/media\/245804"}],"wp:attachment":[{"href":"https:\/\/shop.kustom.ch\/fr\/wp-json\/wp\/v2\/media?parent=111542"}],"wp:term":[{"taxonomy":"product_brand","embeddable":true,"href":"https:\/\/shop.kustom.ch\/fr\/wp-json\/wp\/v2\/product_brand?post=111542"},{"taxonomy":"product_cat","embeddable":true,"href":"https:\/\/shop.kustom.ch\/fr\/wp-json\/wp\/v2\/product_cat?post=111542"},{"taxonomy":"product_tag","embeddable":true,"href":"https:\/\/shop.kustom.ch\/fr\/wp-json\/wp\/v2\/product_tag?post=111542"}],"curies":[{"name":"wp","href":"https:\/\/api.w.org\/{rel}","templated":true}]}}