{"id":111089,"date":"2024-03-21T16:22:46","date_gmt":"2024-03-21T15:22:46","guid":{"rendered":"https:\/\/kustomshop.kinsta.cloud\/produkt\/fleecemuetze\/"},"modified":"2026-03-31T15:11:47","modified_gmt":"2026-03-31T14:11:47","slug":"fleecemuetze","status":"publish","type":"product","link":"https:\/\/shop.kustom.ch\/fr\/produit\/fleecemuetze\/","title":{"rendered":"Bonnet polaire"},"content":{"rendered":"<p>Structure de surface douce pour un port agr\u00e9able<br \/>\nS\u00e9chage rapide et respirabilit\u00e9<br \/>\nLogo JAKO en contraste<br \/>\nMicro polaire<br \/>\n100 % Polyester<\/p>","protected":false},"excerpt":{"rendered":"<p>Weiche Oberfl\u00e4chenstruktur f\u00fcr angenehmes Tragegef\u00fchl Schnelltrocknend und atmungsaktiv JAKO Logo in Kontrast Micro-Fleece 100 % Polyester<\/p>","protected":false},"featured_media":240501,"template":"","meta":[],"product_brand":[],"product_cat":[9643,4209],"product_tag":[],"class_list":{"0":"post-111089","1":"product","2":"type-product","3":"status-publish","4":"has-post-thumbnail","6":"product_cat-equipment","7":"product_cat-zubehoer","8":"pa_brand-jako","9":"pa_brand-type-sportswear","10":"pa_filter-color-blau","11":"pa_filter-color-gelb","12":"pa_filter-color-grau","13":"pa_filter-color-gruen","14":"pa_filter-color-rot","15":"pa_filter-color-schwarz","17":"first","18":"instock","19":"sale","20":"taxable","21":"shipping-taxable","22":"purchasable","23":"product-type-variable","24":"add-to-wishlist-before_image"},"exclude_global_add_ons":[],"addons":[],"acf":[],"_links":{"self":[{"href":"https:\/\/shop.kustom.ch\/fr\/wp-json\/wp\/v2\/product\/111089"}],"collection":[{"href":"https:\/\/shop.kustom.ch\/fr\/wp-json\/wp\/v2\/product"}],"about":[{"href":"https:\/\/shop.kustom.ch\/fr\/wp-json\/wp\/v2\/types\/product"}],"wp:featuredmedia":[{"embeddable":true,"href":"https:\/\/shop.kustom.ch\/fr\/wp-json\/wp\/v2\/media\/240501"}],"wp:attachment":[{"href":"https:\/\/shop.kustom.ch\/fr\/wp-json\/wp\/v2\/media?parent=111089"}],"wp:term":[{"taxonomy":"product_brand","embeddable":true,"href":"https:\/\/shop.kustom.ch\/fr\/wp-json\/wp\/v2\/product_brand?post=111089"},{"taxonomy":"product_cat","embeddable":true,"href":"https:\/\/shop.kustom.ch\/fr\/wp-json\/wp\/v2\/product_cat?post=111089"},{"taxonomy":"product_tag","embeddable":true,"href":"https:\/\/shop.kustom.ch\/fr\/wp-json\/wp\/v2\/product_tag?post=111089"}],"curies":[{"name":"wp","href":"https:\/\/api.w.org\/{rel}","templated":true}]}}