{"id":110836,"date":"2024-03-20T18:43:20","date_gmt":"2024-03-20T17:43:20","guid":{"rendered":"https:\/\/kustomshop.kinsta.cloud\/produkt\/adv-visibility-vest\/"},"modified":"2026-03-27T14:34:03","modified_gmt":"2026-03-27T13:34:03","slug":"adv-visibility-vest","status":"publish","type":"product","link":"https:\/\/shop.kustom.ch\/fr\/produit\/adv-visibility-vest\/","title":{"rendered":"Gilet de visibilit\u00e9 ADV"},"content":{"rendered":"<p>Gilet r\u00e9fl\u00e9chissant avec visibilit\u00e9 totale (conforme aux normes europ\u00e9ennes) et inserts en mesh \u00e0 l'arri\u00e8re pour une ventilation accrue.<br \/>\n- Gilet hautement r\u00e9fl\u00e9chissant pour courir en toute s\u00e9curit\u00e9 dans l'obscurit\u00e9<br \/>\n- Mat\u00e9riau coupe-vent \u00e0 l'avant<br \/>\n- Inserts en mesh \u00e0 l'arri\u00e8re pour une meilleure ventilation<br \/>\n- Conforme \u00e0 la norme europ\u00e9enne EN 17353:2020<br \/>\n- Visibilit\u00e9 panoramique<\/p>\n<p>Mat\u00e9riau : polyester 100%<\/p>","protected":false},"excerpt":{"rendered":"<p><span><\/span><\/p>","protected":false},"featured_media":110835,"template":"","meta":[],"product_brand":[],"product_cat":[4208],"product_tag":[],"class_list":{"0":"post-110836","1":"product","2":"type-product","3":"status-publish","4":"has-post-thumbnail","6":"product_cat-westen","7":"pa_brand-craft-retail-sportswear","8":"pa_brand-type-sportswear","9":"pa_filter-color-gelb","11":"first","12":"outofstock","13":"sale","14":"taxable","15":"shipping-taxable","16":"purchasable","17":"product-type-variable","18":"add-to-wishlist-before_image"},"exclude_global_add_ons":[],"addons":[],"acf":[],"_links":{"self":[{"href":"https:\/\/shop.kustom.ch\/fr\/wp-json\/wp\/v2\/product\/110836"}],"collection":[{"href":"https:\/\/shop.kustom.ch\/fr\/wp-json\/wp\/v2\/product"}],"about":[{"href":"https:\/\/shop.kustom.ch\/fr\/wp-json\/wp\/v2\/types\/product"}],"wp:featuredmedia":[{"embeddable":true,"href":"https:\/\/shop.kustom.ch\/fr\/wp-json\/wp\/v2\/media\/110835"}],"wp:attachment":[{"href":"https:\/\/shop.kustom.ch\/fr\/wp-json\/wp\/v2\/media?parent=110836"}],"wp:term":[{"taxonomy":"product_brand","embeddable":true,"href":"https:\/\/shop.kustom.ch\/fr\/wp-json\/wp\/v2\/product_brand?post=110836"},{"taxonomy":"product_cat","embeddable":true,"href":"https:\/\/shop.kustom.ch\/fr\/wp-json\/wp\/v2\/product_cat?post=110836"},{"taxonomy":"product_tag","embeddable":true,"href":"https:\/\/shop.kustom.ch\/fr\/wp-json\/wp\/v2\/product_tag?post=110836"}],"curies":[{"name":"wp","href":"https:\/\/api.w.org\/{rel}","templated":true}]}}