{"id":110796,"date":"2024-03-20T18:43:03","date_gmt":"2024-03-20T17:43:03","guid":{"rendered":"https:\/\/kustomshop.kinsta.cloud\/produkt\/squad-2-0-shoe-backpack-26l\/"},"modified":"2026-03-27T13:53:59","modified_gmt":"2026-03-27T12:53:59","slug":"squad-2-0-shoe-backpack-26l","status":"publish","type":"product","link":"https:\/\/shop.kustom.ch\/fr\/produit\/squad-2-0-shoe-backpack-26l\/","title":{"rendered":"Squad 2.0 Sac \u00e0 dos pour chaussures 26L"},"content":{"rendered":"<p>Squad 2.0 Shoe Backpack 26L est un sac \u00e0 dos d'\u00e9quipe r\u00e9sistant avec un compartiment \u00e0 chaussures dans la partie inf\u00e9rieure pour un rangement intelligent des chaussures. Des bretelles rembourr\u00e9es et r\u00e9glables assurent un confort de transport optimal.<\/p>\n<p>- 100% Polyester recycl\u00e9<br \/>\n- Compartiment \u00e0 chaussures<br \/>\n- Bandouli\u00e8res rembourr\u00e9es et r\u00e9glables<br \/>\n- L35 x l23 x H46 cm<br \/>\n- 26 litres (y compris le compartiment \u00e0 chaussures)<\/p>\n<p>Mati\u00e8re : 100% polyester recycl\u00e9<\/p>","protected":false},"excerpt":{"rendered":"<p><span><\/span><\/p>","protected":false},"featured_media":110795,"template":"","meta":[],"product_brand":[],"product_cat":[9643,4195],"product_tag":[],"class_list":{"0":"post-110796","1":"product","2":"type-product","3":"status-publish","4":"has-post-thumbnail","6":"product_cat-equipment","7":"product_cat-rucksaecke-taschen","8":"pa_brand-craft-teamwear","9":"pa_brand-type-sportswear","10":"pa_filter-color-blau","12":"first","13":"instock","14":"sale","15":"taxable","16":"shipping-taxable","17":"purchasable","18":"product-type-variable","19":"add-to-wishlist-before_image"},"exclude_global_add_ons":[],"addons":[],"acf":[],"_links":{"self":[{"href":"https:\/\/shop.kustom.ch\/fr\/wp-json\/wp\/v2\/product\/110796"}],"collection":[{"href":"https:\/\/shop.kustom.ch\/fr\/wp-json\/wp\/v2\/product"}],"about":[{"href":"https:\/\/shop.kustom.ch\/fr\/wp-json\/wp\/v2\/types\/product"}],"wp:featuredmedia":[{"embeddable":true,"href":"https:\/\/shop.kustom.ch\/fr\/wp-json\/wp\/v2\/media\/110795"}],"wp:attachment":[{"href":"https:\/\/shop.kustom.ch\/fr\/wp-json\/wp\/v2\/media?parent=110796"}],"wp:term":[{"taxonomy":"product_brand","embeddable":true,"href":"https:\/\/shop.kustom.ch\/fr\/wp-json\/wp\/v2\/product_brand?post=110796"},{"taxonomy":"product_cat","embeddable":true,"href":"https:\/\/shop.kustom.ch\/fr\/wp-json\/wp\/v2\/product_cat?post=110796"},{"taxonomy":"product_tag","embeddable":true,"href":"https:\/\/shop.kustom.ch\/fr\/wp-json\/wp\/v2\/product_tag?post=110796"}],"curies":[{"name":"wp","href":"https:\/\/api.w.org\/{rel}","templated":true}]}}