{"id":110504,"date":"2024-03-20T18:41:18","date_gmt":"2024-03-20T17:41:18","guid":{"rendered":"https:\/\/kustomshop.kinsta.cloud\/produkt\/adv-nordic-ski-club-vest-jr\/"},"modified":"2026-04-13T21:57:29","modified_gmt":"2026-04-13T20:57:29","slug":"adv-nordic-ski-club-vest-jr","status":"publish","type":"product","link":"https:\/\/shop.kustom.ch\/fr\/produit\/adv-nordic-ski-club-vest-jr\/","title":{"rendered":"ADV Nordic Ski Club Vest Jr"},"content":{"rendered":"<p>Gilet de ski de fond fonctionnel et polyvalent avec face avant l\u00e9g\u00e8rement rembourr\u00e9e pour le ski de fond dans des conditions froides. Tissu 3 couches coupe-vent et imperm\u00e9able sur les \u00e9paules et les c\u00f4t\u00e9s et tissu jersey bross\u00e9 \u00e0 l'arri\u00e8re pour une meilleure ventilation. - Face avant matelass\u00e9e et rembourr\u00e9e pour la chaleur et le confort. - Rembourrage de 60 g\/m\u00b2. - Tissu coupe-vent et imperm\u00e9able 3 couches sur les \u00e9paules et les c\u00f4t\u00e9s.-Jersey bross\u00e9 doux \u00e0 l'arri\u00e8re pour la chaleur et l'\u00e9vacuation de l'humidit\u00e9.-Poches lat\u00e9rales zipp\u00e9es.-Poche poitrine plaqu\u00e9e avec fermeture \u00e0 glissi\u00e8re dissimul\u00e9e.-Jersey bross\u00e9 doux \u00e0 l'int\u00e9rieur du col pour le confort.<\/p>","protected":false},"excerpt":{"rendered":"<p><span><\/span><\/p>","protected":false},"featured_media":110503,"template":"","meta":[],"product_brand":[],"product_cat":[4208],"product_tag":[],"class_list":{"0":"post-110504","1":"product","2":"type-product","3":"status-publish","4":"has-post-thumbnail","6":"product_cat-westen","7":"pa_brand-craft-retail-sportswear","8":"pa_brand-type-sportswear","9":"pa_filter-color-blau","10":"pa_filter-color-rot","11":"pa_filter-color-schwarz","13":"first","14":"instock","15":"sale","16":"taxable","17":"shipping-taxable","18":"purchasable","19":"product-type-variable","20":"add-to-wishlist-before_image"},"exclude_global_add_ons":[],"addons":[],"acf":[],"_links":{"self":[{"href":"https:\/\/shop.kustom.ch\/fr\/wp-json\/wp\/v2\/product\/110504"}],"collection":[{"href":"https:\/\/shop.kustom.ch\/fr\/wp-json\/wp\/v2\/product"}],"about":[{"href":"https:\/\/shop.kustom.ch\/fr\/wp-json\/wp\/v2\/types\/product"}],"wp:featuredmedia":[{"embeddable":true,"href":"https:\/\/shop.kustom.ch\/fr\/wp-json\/wp\/v2\/media\/110503"}],"wp:attachment":[{"href":"https:\/\/shop.kustom.ch\/fr\/wp-json\/wp\/v2\/media?parent=110504"}],"wp:term":[{"taxonomy":"product_brand","embeddable":true,"href":"https:\/\/shop.kustom.ch\/fr\/wp-json\/wp\/v2\/product_brand?post=110504"},{"taxonomy":"product_cat","embeddable":true,"href":"https:\/\/shop.kustom.ch\/fr\/wp-json\/wp\/v2\/product_cat?post=110504"},{"taxonomy":"product_tag","embeddable":true,"href":"https:\/\/shop.kustom.ch\/fr\/wp-json\/wp\/v2\/product_tag?post=110504"}],"curies":[{"name":"wp","href":"https:\/\/api.w.org\/{rel}","templated":true}]}}