{"id":110485,"date":"2024-03-20T18:41:08","date_gmt":"2024-03-20T17:41:08","guid":{"rendered":"https:\/\/kustomshop.kinsta.cloud\/produkt\/nor-adv-nordic-training-jacket-2-m\/"},"modified":"2026-03-27T14:16:34","modified_gmt":"2026-03-27T13:16:34","slug":"nor-adv-nordic-training-jacket-2-m","status":"publish","type":"product","link":"https:\/\/shop.kustom.ch\/fr\/produit\/nor-adv-nordic-training-jacket-2-m\/","title":{"rendered":"Nor Adv Nordic Training Jacket 2 M"},"content":{"rendered":"<p>Veste de ski de fond pour skieurs avanc\u00e9s avec devant l\u00e9g\u00e8rement rembourr\u00e9 pour un entra\u00eenement intensif \u00e0 ski. Fabriqu\u00e9e en mat\u00e9riaux coupe-vent et imperm\u00e9ables \u00e0 l'avant et en jersey gratt\u00e9 \u00e0 l'arri\u00e8re et sous les manches pour une gestion efficace de la temp\u00e9rature corporelle.<\/p>\n<p>Mat\u00e9riau : Partie avant du corps : Avant : 100% polyester recycl\u00e9. Arri\u00e8re : 100% polyur\u00e9thane. Manches : Avant : 100% polyester recycl\u00e9. Arri\u00e8re : 100% polyur\u00e9thane. Arri\u00e8re du corps : 100% polyester recycl\u00e9. Doublure : 100% polyester<\/p>","protected":false},"excerpt":{"rendered":"<p><span><\/span><\/p>","protected":false},"featured_media":110484,"template":"","meta":[],"product_brand":[],"product_cat":[4186],"product_tag":[],"class_list":{"0":"post-110485","1":"product","2":"type-product","3":"status-publish","4":"has-post-thumbnail","6":"product_cat-jacken","7":"pa_brand-craft-retail-sportswear","8":"pa_brand-type-sportswear","9":"pa_filter-color-schwarz","10":"pa_filter-color-weiss","12":"first","13":"instock","14":"sale","15":"taxable","16":"shipping-taxable","17":"purchasable","18":"product-type-variable","19":"add-to-wishlist-before_image"},"exclude_global_add_ons":[],"addons":[],"acf":[],"_links":{"self":[{"href":"https:\/\/shop.kustom.ch\/fr\/wp-json\/wp\/v2\/product\/110485"}],"collection":[{"href":"https:\/\/shop.kustom.ch\/fr\/wp-json\/wp\/v2\/product"}],"about":[{"href":"https:\/\/shop.kustom.ch\/fr\/wp-json\/wp\/v2\/types\/product"}],"wp:featuredmedia":[{"embeddable":true,"href":"https:\/\/shop.kustom.ch\/fr\/wp-json\/wp\/v2\/media\/110484"}],"wp:attachment":[{"href":"https:\/\/shop.kustom.ch\/fr\/wp-json\/wp\/v2\/media?parent=110485"}],"wp:term":[{"taxonomy":"product_brand","embeddable":true,"href":"https:\/\/shop.kustom.ch\/fr\/wp-json\/wp\/v2\/product_brand?post=110485"},{"taxonomy":"product_cat","embeddable":true,"href":"https:\/\/shop.kustom.ch\/fr\/wp-json\/wp\/v2\/product_cat?post=110485"},{"taxonomy":"product_tag","embeddable":true,"href":"https:\/\/shop.kustom.ch\/fr\/wp-json\/wp\/v2\/product_tag?post=110485"}],"curies":[{"name":"wp","href":"https:\/\/api.w.org\/{rel}","templated":true}]}}