{"id":110467,"date":"2024-03-20T18:40:59","date_gmt":"2024-03-20T17:40:59","guid":{"rendered":"https:\/\/kustomshop.kinsta.cloud\/produkt\/adv-wool-merino-knickers-w\/"},"modified":"2026-03-27T13:44:12","modified_gmt":"2026-03-27T12:44:12","slug":"adv-wool-merino-knickers-w","status":"publish","type":"product","link":"https:\/\/shop.kustom.ch\/fr\/produit\/adv-wool-merino-knickers-w\/","title":{"rendered":"ADV Wool Merino Knickers W"},"content":{"rendered":"<p>Long baselayer-pantalon pour avanc\u00e9s en doux m\u00e9lange de laine m\u00e9rino\/polyamide\/polyester, garde le corps au chaud et au sec toute la journ\u00e9e.<br \/>\n- Coupe normale<br \/>\n- La laine est une mati\u00e8re naturelle qui reste s\u00e8che m\u00eame lorsqu'elle est humide.<br \/>\n- Laine m\u00e9rinos sans mulesing<br \/>\n- La laine m\u00e9rinos est naturellement inodore<\/p>\n<p>Mati\u00e8re : 47% polyester 42% laine 11% polyamide<\/p>","protected":false},"excerpt":{"rendered":"<p><span><\/span><\/p>","protected":false},"featured_media":110466,"template":"","meta":[],"product_brand":[],"product_cat":[4206],"product_tag":[],"class_list":{"0":"post-110467","1":"product","2":"type-product","3":"status-publish","4":"has-post-thumbnail","6":"product_cat-underwear","7":"pa_brand-craft-retail-sportswear","8":"pa_brand-type-sportswear","9":"pa_filter-color-schwarz","11":"first","12":"instock","13":"sale","14":"taxable","15":"shipping-taxable","16":"purchasable","17":"product-type-variable","18":"add-to-wishlist-before_image"},"exclude_global_add_ons":[],"addons":[],"acf":[],"_links":{"self":[{"href":"https:\/\/shop.kustom.ch\/fr\/wp-json\/wp\/v2\/product\/110467"}],"collection":[{"href":"https:\/\/shop.kustom.ch\/fr\/wp-json\/wp\/v2\/product"}],"about":[{"href":"https:\/\/shop.kustom.ch\/fr\/wp-json\/wp\/v2\/types\/product"}],"wp:featuredmedia":[{"embeddable":true,"href":"https:\/\/shop.kustom.ch\/fr\/wp-json\/wp\/v2\/media\/110466"}],"wp:attachment":[{"href":"https:\/\/shop.kustom.ch\/fr\/wp-json\/wp\/v2\/media?parent=110467"}],"wp:term":[{"taxonomy":"product_brand","embeddable":true,"href":"https:\/\/shop.kustom.ch\/fr\/wp-json\/wp\/v2\/product_brand?post=110467"},{"taxonomy":"product_cat","embeddable":true,"href":"https:\/\/shop.kustom.ch\/fr\/wp-json\/wp\/v2\/product_cat?post=110467"},{"taxonomy":"product_tag","embeddable":true,"href":"https:\/\/shop.kustom.ch\/fr\/wp-json\/wp\/v2\/product_tag?post=110467"}],"curies":[{"name":"wp","href":"https:\/\/api.w.org\/{rel}","templated":true}]}}