{"id":110449,"date":"2024-03-20T18:40:49","date_gmt":"2024-03-20T17:40:49","guid":{"rendered":"https:\/\/kustomshop.kinsta.cloud\/produkt\/adv-nordic-training-vest-m\/"},"modified":"2026-03-27T14:36:58","modified_gmt":"2026-03-27T13:36:58","slug":"adv-nordic-training-vest-m","status":"publish","type":"product","link":"https:\/\/shop.kustom.ch\/fr\/produit\/adv-nordic-training-vest-m\/","title":{"rendered":"Gilet d'entra\u00eenement nordique Adv M"},"content":{"rendered":"<p>Gilet de ski pour skieurs avanc\u00e9s en mat\u00e9riau 2 couches respirant, coupe-vent et imperm\u00e9able sur le devant. Jersey gratt\u00e9 \u00e0 l'arri\u00e8re pour un confort accru et une excellente \u00e9vacuation de l'humidit\u00e9.<br \/>\n- Face avant en tissu stretch 2 couches Ventair 8000 WP\/1000 MVP r\u00e9sistant au vent et \u00e0 l'eau<br \/>\n-fermeture \u00e9clair r\u00e9versible \u00e0 l'avant<br \/>\n-Deux poches lat\u00e9rales doubl\u00e9es de mesh pour une grande respirabilit\u00e9<br \/>\n-Poche poitrine sur le c\u00f4t\u00e9 gauche avec fermeture \u00e0 glissi\u00e8re dissimul\u00e9e<br \/>\n-Jersey polyester gratt\u00e9 \u00e0 l'arri\u00e8re pour un grand confort et une bonne r\u00e9gulation de la temp\u00e9rature<br \/>\n-Int\u00e9rieur du col doubl\u00e9 en polaire douce et gratt\u00e9e pour une sensation de confort sur la peau<br \/>\n-Cordon de serrage r\u00e9glable \u00e0 la taille<br \/>\n-Logo Craft sur la poitrine<br \/>\n-Logo Craft \u00e0 six points \u00e0 l'arri\u00e8re<\/p>\n<p>Mat\u00e9riau : Partie avant du corps : Avant : 100% polyester recycl\u00e9. Partie arri\u00e8re : 100% polyur\u00e9thane. Partie arri\u00e8re du corps : 100% polyester recycl\u00e9. Doublure : 100% polyester<\/p>","protected":false},"excerpt":{"rendered":"<p><span><\/span><\/p>","protected":false},"featured_media":110448,"template":"","meta":[],"product_brand":[],"product_cat":[4208],"product_tag":[],"class_list":{"0":"post-110449","1":"product","2":"type-product","3":"status-publish","4":"has-post-thumbnail","6":"product_cat-westen","7":"pa_brand-craft-retail-sportswear","8":"pa_brand-type-sportswear","9":"pa_filter-color-blau","11":"first","12":"outofstock","13":"sale","14":"taxable","15":"shipping-taxable","16":"purchasable","17":"product-type-variable","18":"add-to-wishlist-before_image"},"exclude_global_add_ons":[],"addons":[],"acf":[],"_links":{"self":[{"href":"https:\/\/shop.kustom.ch\/fr\/wp-json\/wp\/v2\/product\/110449"}],"collection":[{"href":"https:\/\/shop.kustom.ch\/fr\/wp-json\/wp\/v2\/product"}],"about":[{"href":"https:\/\/shop.kustom.ch\/fr\/wp-json\/wp\/v2\/types\/product"}],"wp:featuredmedia":[{"embeddable":true,"href":"https:\/\/shop.kustom.ch\/fr\/wp-json\/wp\/v2\/media\/110448"}],"wp:attachment":[{"href":"https:\/\/shop.kustom.ch\/fr\/wp-json\/wp\/v2\/media?parent=110449"}],"wp:term":[{"taxonomy":"product_brand","embeddable":true,"href":"https:\/\/shop.kustom.ch\/fr\/wp-json\/wp\/v2\/product_brand?post=110449"},{"taxonomy":"product_cat","embeddable":true,"href":"https:\/\/shop.kustom.ch\/fr\/wp-json\/wp\/v2\/product_cat?post=110449"},{"taxonomy":"product_tag","embeddable":true,"href":"https:\/\/shop.kustom.ch\/fr\/wp-json\/wp\/v2\/product_tag?post=110449"}],"curies":[{"name":"wp","href":"https:\/\/api.w.org\/{rel}","templated":true}]}}