{"id":110440,"date":"2024-03-20T18:40:44","date_gmt":"2024-03-20T17:40:44","guid":{"rendered":"https:\/\/kustomshop.kinsta.cloud\/produkt\/adv-essence-zip-tights-2-m\/"},"modified":"2026-03-27T15:25:20","modified_gmt":"2026-03-27T14:25:20","slug":"adv-essence-zip-tights-2-m","status":"publish","type":"product","link":"https:\/\/shop.kustom.ch\/fr\/produit\/adv-essence-zip-tights-2-m\/","title":{"rendered":"Collant zipp\u00e9 ADV Essence 2 M"},"content":{"rendered":"<p>Les collants ADV Essence Zip Tights 2 sont des collants d'entra\u00eenement hautement fonctionnels, con\u00e7us pour les entra\u00eenements de haute intensit\u00e9. <\/p>\n<p>Ces collants d'entra\u00eenement avanc\u00e9s, fabriqu\u00e9s en jersey fonctionnel (polyester recycl\u00e9 et jersey \u00e9lasthanne), offrent une excellente libert\u00e9 de mouvement gr\u00e2ce \u00e0 un pourcentage \u00e9lev\u00e9 d'\u00e9lasticit\u00e9 et une gestion efficace de la temp\u00e9rature corporelle. Les collants sont \u00e9galement dot\u00e9s de d\u00e9tails perfor\u00e9s \u00e0 l'arri\u00e8re des genoux pour une ventilation suppl\u00e9mentaire, d'un cordon de serrage \u00e0 la taille pour un ajustement personnalis\u00e9 et de fermetures \u00e9clair aux extr\u00e9mit\u00e9s des jambes pour un enfilage et un retrait faciles.<\/p>\n<p>- Tissu jersey fonctionnel en polyamide recycl\u00e9 et \u00e9lasthanne<br \/>\n- Perfor\u00e9 \u00e0 l'arri\u00e8re des genoux<br \/>\n- Ceinture \u00e9lastique avec cordon de serrage int\u00e9rieur<br \/>\n- Poche zipp\u00e9e dissimul\u00e9e \u00e0 l'arri\u00e8re<br \/>\n- fermetures \u00e9clair au bas des jambes pour faciliter l'habillage et le d\u00e9shabillage<br \/>\n- Impression r\u00e9fl\u00e9chissante au dos<\/p>\n<p>Mati\u00e8re : polyester recycl\u00e9 77%, \u00e9lasthanne 23%<\/p>","protected":false},"excerpt":{"rendered":"<p><span><\/span><\/p>","protected":false},"featured_media":110439,"template":"","meta":[],"product_brand":[],"product_cat":[4190],"product_tag":[],"class_list":{"0":"post-110440","1":"product","2":"type-product","3":"status-publish","4":"has-post-thumbnail","6":"product_cat-leggings","7":"pa_brand-craft-retail-sportswear","8":"pa_brand-type-sportswear","9":"pa_filter-color-schwarz","11":"first","12":"instock","13":"sale","14":"taxable","15":"shipping-taxable","16":"purchasable","17":"product-type-variable","18":"add-to-wishlist-before_image"},"exclude_global_add_ons":[],"addons":[],"acf":[],"_links":{"self":[{"href":"https:\/\/shop.kustom.ch\/fr\/wp-json\/wp\/v2\/product\/110440"}],"collection":[{"href":"https:\/\/shop.kustom.ch\/fr\/wp-json\/wp\/v2\/product"}],"about":[{"href":"https:\/\/shop.kustom.ch\/fr\/wp-json\/wp\/v2\/types\/product"}],"wp:featuredmedia":[{"embeddable":true,"href":"https:\/\/shop.kustom.ch\/fr\/wp-json\/wp\/v2\/media\/110439"}],"wp:attachment":[{"href":"https:\/\/shop.kustom.ch\/fr\/wp-json\/wp\/v2\/media?parent=110440"}],"wp:term":[{"taxonomy":"product_brand","embeddable":true,"href":"https:\/\/shop.kustom.ch\/fr\/wp-json\/wp\/v2\/product_brand?post=110440"},{"taxonomy":"product_cat","embeddable":true,"href":"https:\/\/shop.kustom.ch\/fr\/wp-json\/wp\/v2\/product_cat?post=110440"},{"taxonomy":"product_tag","embeddable":true,"href":"https:\/\/shop.kustom.ch\/fr\/wp-json\/wp\/v2\/product_tag?post=110440"}],"curies":[{"name":"wp","href":"https:\/\/api.w.org\/{rel}","templated":true}]}}