{"id":110307,"date":"2024-03-20T18:39:49","date_gmt":"2024-03-20T17:39:49","guid":{"rendered":"https:\/\/kustomshop.kinsta.cloud\/produkt\/adv-nordic-ski-club-jacket-jr\/"},"modified":"2026-03-27T14:53:38","modified_gmt":"2026-03-27T13:53:38","slug":"adv-nordic-ski-club-jacket-jr","status":"publish","type":"product","link":"https:\/\/shop.kustom.ch\/fr\/produit\/adv-nordic-ski-club-jacket-jr\/","title":{"rendered":"Veste ADV Nordic Ski Club Jr"},"content":{"rendered":"<p>Veste de ski de fond l\u00e9g\u00e8rement ouatin\u00e9e avec tissu 2 couches recycl\u00e9, coupe-vent et imperm\u00e9able \u00e0 l'avant et dos en jersey. - Tissu polyester recycl\u00e9 stretch 2 couches \u00e0 l'avant et aux manches, coupe-vent et imperm\u00e9able 8k\/10k - Polyester recycl\u00e9 \u00e0 l'arri\u00e8re pour l'\u00e9vacuation de l'humidit\u00e9 et le confort - Avant matelass\u00e9 avec rembourrage 40 g\/m\u00b2 pour une isolation l\u00e9g\u00e8re - Deux poches chauffe-mains zipp\u00e9es - Ourlet inf\u00e9rieur r\u00e9glable - Jersey \u00e9lastique aux poignets pour un ajustement serr\u00e9 - D\u00e9tails coll\u00e9s \u00e0 l'avant, aux manches et \u00e0 l'arri\u00e8re<\/p>","protected":false},"excerpt":{"rendered":"<p><span><\/span><\/p>","protected":false},"featured_media":110306,"template":"","meta":[],"product_brand":[],"product_cat":[4186],"product_tag":[],"class_list":{"0":"post-110307","1":"product","2":"type-product","3":"status-publish","4":"has-post-thumbnail","6":"product_cat-jacken","7":"pa_brand-craft-retail-sportswear","8":"pa_brand-type-sportswear","9":"pa_filter-color-blau","10":"pa_filter-color-rot","11":"pa_filter-color-schwarz","13":"first","14":"instock","15":"sale","16":"taxable","17":"shipping-taxable","18":"purchasable","19":"product-type-variable","20":"add-to-wishlist-before_image"},"exclude_global_add_ons":[],"addons":[],"acf":[],"_links":{"self":[{"href":"https:\/\/shop.kustom.ch\/fr\/wp-json\/wp\/v2\/product\/110307"}],"collection":[{"href":"https:\/\/shop.kustom.ch\/fr\/wp-json\/wp\/v2\/product"}],"about":[{"href":"https:\/\/shop.kustom.ch\/fr\/wp-json\/wp\/v2\/types\/product"}],"wp:featuredmedia":[{"embeddable":true,"href":"https:\/\/shop.kustom.ch\/fr\/wp-json\/wp\/v2\/media\/110306"}],"wp:attachment":[{"href":"https:\/\/shop.kustom.ch\/fr\/wp-json\/wp\/v2\/media?parent=110307"}],"wp:term":[{"taxonomy":"product_brand","embeddable":true,"href":"https:\/\/shop.kustom.ch\/fr\/wp-json\/wp\/v2\/product_brand?post=110307"},{"taxonomy":"product_cat","embeddable":true,"href":"https:\/\/shop.kustom.ch\/fr\/wp-json\/wp\/v2\/product_cat?post=110307"},{"taxonomy":"product_tag","embeddable":true,"href":"https:\/\/shop.kustom.ch\/fr\/wp-json\/wp\/v2\/product_tag?post=110307"}],"curies":[{"name":"wp","href":"https:\/\/api.w.org\/{rel}","templated":true}]}}