{"id":110232,"date":"2024-03-20T18:39:23","date_gmt":"2024-03-20T17:39:23","guid":{"rendered":"https:\/\/kustomshop.kinsta.cloud\/produkt\/evolve-rain-jacket-m\/"},"modified":"2026-03-27T14:43:56","modified_gmt":"2026-03-27T13:43:56","slug":"evolve-rain-jacket-m","status":"publish","type":"product","link":"https:\/\/shop.kustom.ch\/fr\/produit\/evolve-rain-jacket-m\/","title":{"rendered":"Veste de pluie Evolve M"},"content":{"rendered":"<p>La veste Evolve Rain Jacket est une veste de pluie l\u00e9g\u00e8re pour l'entra\u00eenement dans des conditions humides. Cette veste poss\u00e8de des coutures soud\u00e9es pour une imperm\u00e9abilit\u00e9 optimale et une doublure en mesh doux pour une \u00e9vacuation efficace de l'humidit\u00e9. Elle dispose en outre de deux poches lat\u00e9rales et d'une capuche qui se plie et se range.<\/p>\n<p>- Tissu coupe-vent et d\u00e9perlant en polyester recycl\u00e9 100%, WP 3000\/MVP 3000<br \/>\n- Doublure en maille<br \/>\n- Coutures soud\u00e9es<br \/>\n- Deux poches lat\u00e9rales<br \/>\n- Capuche pliable et escamotable<br \/>\n- Coupe normale<\/p>\n<p>Mati\u00e8re : 100% polyester recycl\u00e9<\/p>","protected":false},"excerpt":{"rendered":"<p><span><\/span><\/p>","protected":false},"featured_media":110231,"template":"","meta":[],"product_brand":[],"product_cat":[4186],"product_tag":[],"class_list":{"0":"post-110232","1":"product","2":"type-product","3":"status-publish","4":"has-post-thumbnail","6":"product_cat-jacken","7":"pa_brand-craft-teamwear","8":"pa_brand-type-sportswear","9":"pa_filter-color-blau","10":"pa_filter-color-rot","11":"pa_filter-color-schwarz","13":"first","14":"instock","15":"sale","16":"taxable","17":"shipping-taxable","18":"purchasable","19":"product-type-variable","20":"add-to-wishlist-before_image"},"exclude_global_add_ons":[],"addons":[],"acf":[],"_links":{"self":[{"href":"https:\/\/shop.kustom.ch\/fr\/wp-json\/wp\/v2\/product\/110232"}],"collection":[{"href":"https:\/\/shop.kustom.ch\/fr\/wp-json\/wp\/v2\/product"}],"about":[{"href":"https:\/\/shop.kustom.ch\/fr\/wp-json\/wp\/v2\/types\/product"}],"wp:featuredmedia":[{"embeddable":true,"href":"https:\/\/shop.kustom.ch\/fr\/wp-json\/wp\/v2\/media\/110231"}],"wp:attachment":[{"href":"https:\/\/shop.kustom.ch\/fr\/wp-json\/wp\/v2\/media?parent=110232"}],"wp:term":[{"taxonomy":"product_brand","embeddable":true,"href":"https:\/\/shop.kustom.ch\/fr\/wp-json\/wp\/v2\/product_brand?post=110232"},{"taxonomy":"product_cat","embeddable":true,"href":"https:\/\/shop.kustom.ch\/fr\/wp-json\/wp\/v2\/product_cat?post=110232"},{"taxonomy":"product_tag","embeddable":true,"href":"https:\/\/shop.kustom.ch\/fr\/wp-json\/wp\/v2\/product_tag?post=110232"}],"curies":[{"name":"wp","href":"https:\/\/api.w.org\/{rel}","templated":true}]}}