{"id":110205,"date":"2024-03-20T18:39:14","date_gmt":"2024-03-20T17:39:14","guid":{"rendered":"https:\/\/kustomshop.kinsta.cloud\/produkt\/squad-wind-jacket-jr\/"},"modified":"2026-03-27T14:30:20","modified_gmt":"2026-03-27T13:30:20","slug":"squad-wind-jacket-jr","status":"publish","type":"product","link":"https:\/\/shop.kustom.ch\/fr\/produit\/squad-wind-jacket-jr\/","title":{"rendered":"Veste coupe-vent Squad Jr"},"content":{"rendered":"<p>Squad Wind Jacket est une veste coupe-vent l\u00e9g\u00e8re pour un entra\u00eenement intensif par temps venteux. Cette veste est fabriqu\u00e9e en tissu fonctionnel pour une \u00e9vacuation efficace de l'humidit\u00e9 et poss\u00e8de une capuche amovible et une poche avec fermeture \u00e9clair. Id\u00e9ale pour apposer les logos du club et des sponsors.<\/p>\n<p>Mati\u00e8re : 100% polyester recycl\u00e9<\/p>","protected":false},"excerpt":{"rendered":"<p><span><\/span><\/p>","protected":false},"featured_media":110204,"template":"","meta":[],"product_brand":[],"product_cat":[4186],"product_tag":[],"class_list":{"0":"post-110205","1":"product","2":"type-product","3":"status-publish","4":"has-post-thumbnail","6":"product_cat-jacken","7":"pa_brand-craft-teamwear","8":"pa_brand-type-sportswear","9":"pa_filter-color-blau","10":"pa_filter-color-rot","11":"pa_filter-color-schwarz","13":"first","14":"instock","15":"sale","16":"taxable","17":"shipping-taxable","18":"purchasable","19":"product-type-variable","20":"add-to-wishlist-before_image"},"exclude_global_add_ons":[],"addons":[],"acf":[],"_links":{"self":[{"href":"https:\/\/shop.kustom.ch\/fr\/wp-json\/wp\/v2\/product\/110205"}],"collection":[{"href":"https:\/\/shop.kustom.ch\/fr\/wp-json\/wp\/v2\/product"}],"about":[{"href":"https:\/\/shop.kustom.ch\/fr\/wp-json\/wp\/v2\/types\/product"}],"wp:featuredmedia":[{"embeddable":true,"href":"https:\/\/shop.kustom.ch\/fr\/wp-json\/wp\/v2\/media\/110204"}],"wp:attachment":[{"href":"https:\/\/shop.kustom.ch\/fr\/wp-json\/wp\/v2\/media?parent=110205"}],"wp:term":[{"taxonomy":"product_brand","embeddable":true,"href":"https:\/\/shop.kustom.ch\/fr\/wp-json\/wp\/v2\/product_brand?post=110205"},{"taxonomy":"product_cat","embeddable":true,"href":"https:\/\/shop.kustom.ch\/fr\/wp-json\/wp\/v2\/product_cat?post=110205"},{"taxonomy":"product_tag","embeddable":true,"href":"https:\/\/shop.kustom.ch\/fr\/wp-json\/wp\/v2\/product_tag?post=110205"}],"curies":[{"name":"wp","href":"https:\/\/api.w.org\/{rel}","templated":true}]}}