{"id":110081,"date":"2024-03-20T18:38:32","date_gmt":"2024-03-20T17:38:32","guid":{"rendered":"https:\/\/kustomshop.kinsta.cloud\/produkt\/core-evolve-isolate-vest-m\/"},"modified":"2026-03-27T15:14:36","modified_gmt":"2026-03-27T14:14:36","slug":"core-evolve-isolate-vest-m","status":"publish","type":"product","link":"https:\/\/shop.kustom.ch\/fr\/produit\/core-evolve-isolate-vest-m\/","title":{"rendered":"CORE Evolve Veste d'isolation M"},"content":{"rendered":"<p>CORE Explore Isolate Vest est un gilet chaud et polyvalent pour une utilisation quotidienne par temps frais. Ce gilet est isol\u00e9 thermiquement avec du polyamide recycl\u00e9 100% et pr\u00e9sente un m\u00e9lange de surfaces piqu\u00e9es et non piqu\u00e9es qui offrent beaucoup de place pour les insignes et les logos des sponsors. Il dispose en outre de deux poches lat\u00e9rales zipp\u00e9es.<\/p>\n<p>- 100% Polyamide recycl\u00e9<br \/>\n- Deux poches lat\u00e9rales avec fermeture \u00e9clair<br \/>\n- Coupe normale<\/p>\n<p>Mati\u00e8re : 100% polyamide recycl\u00e9<\/p>","protected":false},"excerpt":{"rendered":"<p><span><\/span><\/p>","protected":false},"featured_media":110080,"template":"","meta":[],"product_brand":[],"product_cat":[4208],"product_tag":[],"class_list":{"0":"post-110081","1":"product","2":"type-product","3":"status-publish","4":"has-post-thumbnail","6":"product_cat-westen","7":"pa_brand-craft-teamwear","8":"pa_brand-type-sportswear","9":"pa_filter-color-blau","10":"pa_filter-color-schwarz","12":"first","13":"instock","14":"sale","15":"taxable","16":"shipping-taxable","17":"purchasable","18":"product-type-variable","19":"add-to-wishlist-before_image"},"exclude_global_add_ons":[],"addons":[],"acf":[],"_links":{"self":[{"href":"https:\/\/shop.kustom.ch\/fr\/wp-json\/wp\/v2\/product\/110081"}],"collection":[{"href":"https:\/\/shop.kustom.ch\/fr\/wp-json\/wp\/v2\/product"}],"about":[{"href":"https:\/\/shop.kustom.ch\/fr\/wp-json\/wp\/v2\/types\/product"}],"wp:featuredmedia":[{"embeddable":true,"href":"https:\/\/shop.kustom.ch\/fr\/wp-json\/wp\/v2\/media\/110080"}],"wp:attachment":[{"href":"https:\/\/shop.kustom.ch\/fr\/wp-json\/wp\/v2\/media?parent=110081"}],"wp:term":[{"taxonomy":"product_brand","embeddable":true,"href":"https:\/\/shop.kustom.ch\/fr\/wp-json\/wp\/v2\/product_brand?post=110081"},{"taxonomy":"product_cat","embeddable":true,"href":"https:\/\/shop.kustom.ch\/fr\/wp-json\/wp\/v2\/product_cat?post=110081"},{"taxonomy":"product_tag","embeddable":true,"href":"https:\/\/shop.kustom.ch\/fr\/wp-json\/wp\/v2\/product_tag?post=110081"}],"curies":[{"name":"wp","href":"https:\/\/api.w.org\/{rel}","templated":true}]}}